{"id":169,"date":"2019-04-22T21:09:49","date_gmt":"2019-04-22T19:09:49","guid":{"rendered":"https:\/\/rogelioubedainformaticoaguadulcealmeria00.000webhostapp.com\/?page_id=156"},"modified":"2020-11-20T11:17:16","modified_gmt":"2020-11-20T11:17:16","slug":"ordenadores-roger","status":"publish","type":"page","link":"https:\/\/rogelioubedainformaticoaguadulce.tech\/index.php\/ordenadores-roger\/","title":{"rendered":"ORDENADORES ROGER"},"content":{"rendered":"\n<h2 class=\"wp-block-heading\">ORDENADORES COMPRADOS \u00f3 MANEJADOS POR ROGELIO \u00daBEDA <\/h2>\n\n\n\n<h3 class=\"wp-block-heading\"><a href=\"https:\/\/rogelioubedainformaticoaguadulce.tech\">regresar a la pagina inicio (home)<\/a><\/h3>\n\n\n\n<h4 class=\"wp-block-heading\" id=\"indice\">indice:<\/h4>\n\n\n\n<ul class=\"wp-block-list\"><li><a href=\"#ORDENADORESMANEJADOSROGER\"> Ordenadores Roger: ordenadores comprados manejados por Rogelio \u00dabeda<\/a><\/li><\/ul>\n\n\n\n<h5 class=\"wp-block-heading\" id=\"ORDENADORESMANEJADOSROGER\">ORDENADORES ROGER: ORDENADORES COMPRADOS MANEJADOS POR ROGELIO \u00daBEDA<\/h5>\n\n\n\n<p>Un vano intento de poner los miles de ordenadores que hemos manejado, trabajado o arreglados.<\/p>\n\n\n\n<div class=\"wp-block-columns has-3-columns is-layout-flex wp-container-core-columns-is-layout-9d6595d7 wp-block-columns-is-layout-flex\">\n<div class=\"wp-block-column is-layout-flow wp-block-column-is-layout-flow\">\n<figure class=\"wp-block-image\"><img decoding=\"async\" src=\"https:\/\/rogelioubedainformaticoaguadulcealmeria00.files.wordpress.com\/2020\/01\/c7e28-wp-ordenadores-roger-_190329-__ordenadores-impresoras-manejados-roger__-estilos-caracter-web_html_652675e452b39f0a.png\" alt=\"\" class=\"wp-image-161\"\/><figcaption>Sinclair zx-81 \u2026.1981 con 1kb de memoria, una pagina de programacion, miles de comandos.<\/figcaption><\/figure>\n<\/div>\n\n\n\n<div class=\"wp-block-column is-layout-flow wp-block-column-is-layout-flow\">\n<figure class=\"wp-block-image\"><img decoding=\"async\" src=\"https:\/\/rogelioubedainformaticoaguadulcealmeria00.files.wordpress.com\/2020\/01\/c5d9b-wp-ordenadores-roger-_190329-__ordenadores-impresoras-manejados-roger__-estilos-caracter-web_html_ccaf4c3b141963dd.png?w=1024&amp;h=533\" alt=\"\" class=\"wp-image-162\"\/><figcaption>Commodore 64 \u2026 1980 Un saludo a mis amigos Eugenio S.G. y Julio<\/figcaption><\/figure>\n<\/div>\n\n\n\n<div class=\"wp-block-column is-layout-flow wp-block-column-is-layout-flow\">\n<figure class=\"wp-block-image\"><img decoding=\"async\" src=\"https:\/\/rogelioubedainformaticoaguadulcealmeria00.files.wordpress.com\/2020\/01\/11038-wp-ordenadores-roger-_190329-__ordenadores-impresoras-manejados-roger__-estilos-caracter-web_html_2f53297e2727e72e.png\" alt=\"\" class=\"wp-image-157\"\/><figcaption>Amstrad_CPC464<\/figcaption><\/figure>\n<\/div>\n<\/div>\n\n\n\n<div class=\"wp-block-columns has-3-columns is-layout-flex wp-container-core-columns-is-layout-9d6595d7 wp-block-columns-is-layout-flex\">\n<div class=\"wp-block-column is-layout-flow wp-block-column-is-layout-flow\">\n<figure class=\"wp-block-image\"><img decoding=\"async\" src=\"https:\/\/rogelioubedainformaticoaguadulcealmeria00.files.wordpress.com\/2020\/01\/e52f7-wp-ordenadores-roger-_190329-__ordenadores-impresoras-manejados-roger__-estilos-caracter-web_html_452a54527635a0b0.png?w=1024&amp;h=880\" alt=\"\" class=\"wp-image-160\"\/><figcaption>Ibm ps1 <\/figcaption><\/figure>\n<\/div>\n\n\n\n<div class=\"wp-block-column is-layout-flow wp-block-column-is-layout-flow\">\n<figure class=\"wp-block-image\"><img decoding=\"async\" src=\"https:\/\/rogelioubedainformaticoaguadulcealmeria00.files.wordpress.com\/2020\/01\/41e34-wp-ordenadores-roger-_190329-__ordenadores-impresoras-manejados-roger__-estilos-caracter-web_html_7d161a5e1594b779.png?w=1024&amp;h=631\" alt=\"\" class=\"wp-image-158\"\/><figcaption>Apple II Plus<\/figcaption><\/figure>\n<\/div>\n\n\n\n<div class=\"wp-block-column is-layout-flow wp-block-column-is-layout-flow\">\n<figure class=\"wp-block-image\"><img decoding=\"async\" src=\"https:\/\/rogelioubedainformaticoaguadulcealmeria00.files.wordpress.com\/2020\/01\/4937b-wp-ordenadores-roger-_190329-__ordenadores-impresoras-manejados-roger__-estilos-caracter-web_html_83be4f1e5cb93c77.png?w=1024&amp;h=770\" alt=\"\" class=\"wp-image-159\"\/><figcaption>Commodore amiga Un abrazo a mi amigo Alfonso P. piloto de Sevilla y compa\u00f1ero de gimnasio artes marciales.<\/figcaption><\/figure>\n<\/div>\n<\/div>\n\n\n\n<div class=\"wp-block-columns has-3-columns is-layout-flex wp-container-core-columns-is-layout-9d6595d7 wp-block-columns-is-layout-flex\">\n<div class=\"wp-block-column is-layout-flow wp-block-column-is-layout-flow\">\n<figure class=\"wp-block-image\"><img decoding=\"async\" src=\"https:\/\/rogelioubedainformaticoaguadulcealmeria00.files.wordpress.com\/2020\/01\/8242d-wp-ordenadores-roger-_190329-__ordenadores-impresoras-manejados-roger__-estilos-caracter-web_html_afcb9d32701d18e9.png?w=1024&amp;h=311\" alt=\"\" class=\"wp-image-171\"\/><figcaption>Sinclair QL\u2026.1986<\/figcaption><\/figure>\n<\/div>\n\n\n\n<div class=\"wp-block-column is-layout-flow wp-block-column-is-layout-flow\">\n<figure class=\"wp-block-image\"><img decoding=\"async\" src=\"https:\/\/rogelioubedainformaticoaguadulcealmeria00.files.wordpress.com\/2020\/01\/e24ae-wp-ordenadores-roger-_190329-__ordenadores-impresoras-manejados-roger__-estilos-caracter-web_html_f07bdbd1edee3199.png?w=1024&amp;h=627\" alt=\"\" class=\"wp-image-172\"\/><figcaption>New Brain&#8230;1980 Pase un curso de varios meses de programaci\u00f3n en la escuela de ingenieros de la universidad complutense en torno al 87.<\/figcaption><\/figure>\n<\/div>\n\n\n\n<div class=\"wp-block-column is-layout-flow wp-block-column-is-layout-flow\">\n<figure class=\"wp-block-image\"><img decoding=\"async\" src=\"https:\/\/rogelioubedainformaticoaguadulcealmeria00.files.wordpress.com\/2020\/01\/2e5d9-wp-ordenadores-roger-_190329-__ordenadores-impresoras-manejados-roger__-estilos-caracter-web_html_582bc45cc0185e75.png\" alt=\"\" class=\"wp-image-170\"\/><figcaption>Macintosh 128k\u2026.1984<\/figcaption><\/figure>\n<\/div>\n<\/div>\n\n\n\n<p><\/p>\n\n\n\n<div class=\"wp-block-columns has-3-columns is-layout-flex wp-container-core-columns-is-layout-9d6595d7 wp-block-columns-is-layout-flex\">\n<div class=\"wp-block-column is-layout-flow wp-block-column-is-layout-flow\">\n<figure class=\"wp-block-image\"><img decoding=\"async\" src=\"https:\/\/rogelioubedainformaticoaguadulcealmeria00.files.wordpress.com\/2020\/01\/36484-wp-ordenadores-roger-_190329-__ordenadores-impresoras-manejados-roger__-estilos-caracter-web_html_99a7fb023fa8daa6.png\" alt=\"\" class=\"wp-image-169\"\/><figcaption>Amstrad pc Era un 386sx al que le tuvimos que colocar el co-procesador matem\u00e1tico, que val\u00eda un dineral, y que hab\u00eda que insertar sin doblar una sola patilla a lo bestia, nada de zero insertion force ni nada por el estilo, con toda la fuerza del pu\u00f1o.<\/figcaption><\/figure>\n<\/div>\n\n\n\n<div class=\"wp-block-column is-layout-flow wp-block-column-is-layout-flow\">\n<figure class=\"wp-block-image\"><img decoding=\"async\" src=\"https:\/\/rogelioubedainformaticoaguadulcealmeria00.files.wordpress.com\/2020\/01\/afb92-wp-ordenadores-roger-_190329-__ordenadores-impresoras-manejados-roger__-estilos-caracter-web_html_a60a531c5e5b43b.png?w=1024&amp;h=609\" alt=\"\" class=\"wp-image-167\"\/><figcaption>Compaq 486 Aguantaba el peso de un monitor de 1024&#215;768. Costaba mucho dinero y en las tiendas de inform\u00e1tica me dec\u00edan que para qu\u00e9 quer\u00eda tanta resoluci\u00f3n. Hoy van por 8000 lineas.8k<\/figcaption><\/figure>\n<\/div>\n\n\n\n<div class=\"wp-block-column is-layout-flow wp-block-column-is-layout-flow\">\n<figure class=\"wp-block-image\"><img decoding=\"async\" src=\"https:\/\/rogelioubedainformaticoaguadulcealmeria00.files.wordpress.com\/2020\/01\/b266a-wp-ordenadores-roger-_190329-__ordenadores-impresoras-manejados-roger__-estilos-caracter-web_html_bf47a1525a349d42.png\" alt=\"\" class=\"wp-image-168\"\/><figcaption>Interruptor bipolar que le tuve que poner. Al compaq 486, pues se le quemaron los bornes de contacto, todav\u00eda tengo el interruptor original y la fuente que me enviaron gratis por quejarme desde los pa\u00edses bajos. Primero le puse este interruptor que salia fuera de la caja. Luego consegu\u00ed uno mas peque\u00f1o que con cinta aislante se manten\u00eda dentro de la carcasa de la caja compaq.\n<\/figcaption><\/figure>\n<\/div>\n<\/div>\n\n\n\n<div class=\"wp-block-columns has-3-columns is-layout-flex wp-container-core-columns-is-layout-9d6595d7 wp-block-columns-is-layout-flex\">\n<div class=\"wp-block-column is-layout-flow wp-block-column-is-layout-flow\">\n<p>interrurptor compaq da\u00f1ado<\/p>\n<\/div>\n\n\n\n<div class=\"wp-block-column is-layout-flow wp-block-column-is-layout-flow\">\n<p>foto de compaq con cables por fuera.<\/p>\n<\/div>\n\n\n\n<div class=\"wp-block-column is-layout-flow wp-block-column-is-layout-flow\">\n<figure class=\"wp-block-image\"><img decoding=\"async\" src=\"https:\/\/rogelioubedainformaticoaguadulcealmeria00.files.wordpress.com\/2020\/01\/2b7b6-wp-ordenadores-roger-_190329-__ordenadores-impresoras-manejados-roger__-estilos-caracter-web_html_8c5198936396f8e6.png\" alt=\"\" class=\"wp-image-188\"\/><figcaption>Red coaxial Ethernet. 1995<\/figcaption><\/figure>\n<\/div>\n<\/div>\n\n\n\n<div class=\"wp-block-columns has-3-columns is-layout-flex wp-container-core-columns-is-layout-9d6595d7 wp-block-columns-is-layout-flex\">\n<div class=\"wp-block-column is-layout-flow wp-block-column-is-layout-flow\">\n<figure class=\"wp-block-image\"><img decoding=\"async\" src=\"https:\/\/rogelioubedainformaticoaguadulcealmeria00.files.wordpress.com\/2020\/01\/e32cd-wp-ordenadores-roger-_190329-__ordenadores-impresoras-manejados-roger__-estilos-caracter-web_html_1106cd0bccfd88b1.png\" alt=\"\" class=\"wp-image-189\"\/><figcaption>Grabadora cds, dvds, cdrom miles.\nCD-ROM_drive__1990<\/figcaption><\/figure>\n<\/div>\n\n\n\n<div class=\"wp-block-column is-layout-flow wp-block-column-is-layout-flow\">\n<figure class=\"wp-block-image\"><img decoding=\"async\" src=\"https:\/\/rogelioubedainformaticoaguadulcealmeria00.files.wordpress.com\/2020\/01\/19357-wp-ordenadores-roger-_190329-__ordenadores-impresoras-manejados-roger__-estilos-caracter-web_html_c9c828a8c24f6038.png\" alt=\"\" class=\"wp-image-191\"\/><figcaption>Iomega-100-Zip-Drive___1994\n<\/figcaption><\/figure>\n<\/div>\n\n\n\n<div class=\"wp-block-column is-layout-flow wp-block-column-is-layout-flow\">\n<figure class=\"wp-block-image\"><img decoding=\"async\" src=\"https:\/\/rogelioubedainformaticoaguadulcealmeria00.files.wordpress.com\/2020\/01\/53336-wp-ordenadores-roger-_190329-__ordenadores-impresoras-manejados-roger__-estilos-caracter-web_html_c7fbc55c57b35ed5.png\" alt=\"\" class=\"wp-image-190\"\/><figcaption>Red coaxial Ethernet. 1995<\/figcaption><\/figure>\n<\/div>\n<\/div>\n\n\n\n<p>Impresoras que utilice, algunas much\u00edsimos a\u00f1os otras que regal\u00e9 a amigos pues ya no las iba a utilizar como carteleria para el gimnasio de artes marciales de Taekwondo y Hapkido de Nervi\u00f3n Gran Plaza Sevilla.<\/p>\n\n\n\n<div class=\"wp-block-columns has-3-columns is-layout-flex wp-container-core-columns-is-layout-9d6595d7 wp-block-columns-is-layout-flex\">\n<div class=\"wp-block-column is-layout-flow wp-block-column-is-layout-flow\">\n<figure class=\"wp-block-image\"><img decoding=\"async\" src=\"https:\/\/rogelioubedainformaticoaguadulcealmeria00.files.wordpress.com\/2020\/01\/f8abd-wp-ordenadores-roger-_190329-__ordenadores-impresoras-manejados-roger__-estilos-caracter-web_html_e3e11b548233116c.png?w=1024&amp;h=568\" alt=\"\" class=\"wp-image-198\"\/><figcaption>Amstrad lq 5000 creo que era el modelo. Hacia un ruido insoportable con emulaci\u00f3n de plotter o ibm proprinter. No hab\u00eda drivers del fabricante ni pod\u00edas buscarlo por la red, no exist\u00edan conexiones de red solo en la universidad.<\/figcaption><\/figure>\n<\/div>\n\n\n\n<div class=\"wp-block-column is-layout-flow wp-block-column-is-layout-flow\">\n<figure class=\"wp-block-image\"><img decoding=\"async\" src=\"https:\/\/rogelioubedainformaticoaguadulcealmeria00.files.wordpress.com\/2020\/01\/fc350-wp-ordenadores-roger-_190329-__ordenadores-impresoras-manejados-roger__-estilos-caracter-web_html_c77274952d440b73.png\" alt=\"\" class=\"wp-image-197\"\/><figcaption>Ejemplo de mala calidad o thumbnail. Lo pongo para que se vea la diferencia entre foto y Thumbnail.<\/figcaption><\/figure>\n<\/div>\n\n\n\n<div class=\"wp-block-column is-layout-flow wp-block-column-is-layout-flow\">\n<figure class=\"wp-block-image\"><img decoding=\"async\" src=\"https:\/\/rogelioubedainformaticoaguadulcealmeria00.files.wordpress.com\/2020\/01\/392d7-wp-ordenadores-roger-_190329-__ordenadores-impresoras-manejados-roger__-estilos-caracter-web_html_59b38b2608b83ac6.png\" alt=\"\" class=\"wp-image-194\"\/><figcaption>Ibm proprinter o emulaci\u00f3n de plotter para CAD.<\/figcaption><\/figure>\n<\/div>\n<\/div>\n\n\n\n<div class=\"wp-block-columns has-3-columns is-layout-flex wp-container-core-columns-is-layout-9d6595d7 wp-block-columns-is-layout-flex\">\n<div class=\"wp-block-column is-layout-flow wp-block-column-is-layout-flow\">\n<figure class=\"wp-block-image\"><img decoding=\"async\" src=\"https:\/\/rogelioubedainformaticoaguadulcealmeria00.files.wordpress.com\/2020\/01\/39df0-wp-ordenadores-roger-_190329-__ordenadores-impresoras-manejados-roger__-estilos-caracter-web_html_58e8e89f6dbea1f9.png\" alt=\"\" class=\"wp-image-193\"\/><figcaption>Canon BJ 330 de carro ancho no la de la foto. solo el administrador de papel val\u00eda 300 euros, no lo compr\u00e9. Realice varios miles de trabajos para el gimnasio de artes marciales de Taekwondo y Hapkido de Nervi\u00f3n Gran Plaza Sevilla.<\/figcaption><\/figure>\n<\/div>\n\n\n\n<div class=\"wp-block-column is-layout-flow wp-block-column-is-layout-flow\">\n<figure class=\"wp-block-image\"><img decoding=\"async\" src=\"https:\/\/rogelioubedainformaticoaguadulcealmeria00.files.wordpress.com\/2020\/01\/163eb-wp-ordenadores-roger-_190329-__ordenadores-impresoras-manejados-roger__-estilos-caracter-web_html_7454ae19287f8660.png\" alt=\"\" class=\"wp-image-195\"\/><figcaption>bjc 330 canon 23 euros cartucho. No se me pago ni un solo cartucho de tinta, ni un solo folio, 1 cartucho cada dos meses, 1 paquete de folios cada dos meses aprox&#8230;encima me insultan diciendo que no tengo honor, o que soy un \u00abenfermo mental\u00bb. \u00bfy ellos que son?<\/figcaption><\/figure>\n<\/div>\n\n\n\n<div class=\"wp-block-column is-layout-flow wp-block-column-is-layout-flow\">\n<figure class=\"wp-block-image\"><img decoding=\"async\" src=\"https:\/\/rogelioubedainformaticoaguadulcealmeria00.files.wordpress.com\/2020\/01\/9b1a5-wp-ordenadores-roger-_190329-__ordenadores-impresoras-manejados-roger__-estilos-caracter-web_html_432358f774f7af9e.png\" alt=\"\" class=\"wp-image-196\"\/><figcaption>Decenas de impresoras en la universidad o para clientes similares a estas.<\/figcaption><\/figure>\n<\/div>\n<\/div>\n\n\n\n<p>Tipos de monitores de ordenador que tuvimos que soportar. En un estudio de arquitectura aparec\u00edan lineas en la pantalla que ibas a borrarlas y no se pod\u00eda, estaban en la pantalla por culpa del f\u00f3sforo, pero cuando regenerabas ya no se encontraban all\u00ed. Fallos del monitor o de la tarjeta de video-grafica.<\/p>\n\n\n\n<div class=\"wp-block-columns has-3-columns is-layout-flex wp-container-core-columns-is-layout-9d6595d7 wp-block-columns-is-layout-flex\">\n<div class=\"wp-block-column is-layout-flow wp-block-column-is-layout-flow\">\n<figure class=\"wp-block-image\"><img decoding=\"async\" src=\"https:\/\/rogelioubedainformaticoaguadulcealmeria00.files.wordpress.com\/2020\/01\/05017-wp-ordenadores-roger-_190329-__ordenadores-impresoras-manejados-roger__-estilos-caracter-web_html_428e24b90348924.png\" alt=\"\" class=\"wp-image-201\"\/><figcaption>Monitores en f\u00f3sforo verde a\u00f1os 80.<\/figcaption><\/figure>\n<\/div>\n\n\n\n<div class=\"wp-block-column is-layout-flow wp-block-column-is-layout-flow\">\n<figure class=\"wp-block-image\"><img decoding=\"async\" src=\"https:\/\/rogelioubedainformaticoaguadulcealmeria00.files.wordpress.com\/2020\/01\/cdb8e-wp-ordenadores-roger-_190329-__ordenadores-impresoras-manejados-roger__-estilos-caracter-web_html_7e787ad622342ba2.png\" alt=\"\" class=\"wp-image-200\"\/><figcaption>Terminal en f\u00f3sforo sepia o marr\u00f3n.<\/figcaption><\/figure>\n<\/div>\n\n\n\n<div class=\"wp-block-column is-layout-flow wp-block-column-is-layout-flow\">\n<figure class=\"wp-block-image\"><img decoding=\"async\" src=\"https:\/\/rogelioubedainformaticoaguadulcealmeria00.files.wordpress.com\/2020\/01\/1c178-wp-ordenadores-roger-_190329-__ordenadores-impresoras-manejados-roger__-estilos-caracter-web_html_801265c21b368ba3.png\" alt=\"\" class=\"wp-image-202\"\/><figcaption>Pantallas no vga sino CGA.<\/figcaption><\/figure>\n<\/div>\n<\/div>\n\n\n\n<div class=\"wp-block-columns has-3-columns is-layout-flex wp-container-core-columns-is-layout-9d6595d7 wp-block-columns-is-layout-flex\">\n<div class=\"wp-block-column is-layout-flow wp-block-column-is-layout-flow\">\n<figure class=\"wp-block-image\"><img decoding=\"async\" src=\"https:\/\/rogelioubedainformaticoaguadulcealmeria00.files.wordpress.com\/2020\/01\/b50ce-wp-ordenadores-roger-_190329-__ordenadores-impresoras-manejados-roger__-estilos-caracter-web_html_c486b1066d5fe08b.png?w=1024&amp;h=683\" alt=\"\" class=\"wp-image-206\"\/><figcaption>Yo empec\u00e9 con una Underwood enorme, que te dejabas los me\u00f1iques tecleando y que se superpon\u00edan, enredaban las varillas. Insufrible era.<\/figcaption><\/figure>\n<\/div>\n\n\n\n<div class=\"wp-block-column is-layout-flow wp-block-column-is-layout-flow\">\n<figure class=\"wp-block-image\"><img decoding=\"async\" src=\"https:\/\/rogelioubedainformaticoaguadulcealmeria00.files.wordpress.com\/2020\/01\/2b218-wp-ordenadores-roger-_190329-__ordenadores-impresoras-manejados-roger__-estilos-caracter-web_html_3fcf2f8739001e49.png\" alt=\"\" class=\"wp-image-204\"\/><figcaption>esto no se lo que es&#8230;Se ven 4 disipadores enormes, y cables planos de discos duros.<\/figcaption><\/figure>\n<\/div>\n\n\n\n<div class=\"wp-block-column is-layout-flow wp-block-column-is-layout-flow\">\n<figure class=\"wp-block-image\"><img decoding=\"async\" src=\"https:\/\/rogelioubedainformaticoaguadulcealmeria00.files.wordpress.com\/2020\/01\/1889a-wp-ordenadores-roger-_190329-__ordenadores-impresoras-manejados-roger__-estilos-caracter-web_html_b2b6ea6003fcf8de.png?w=1006&amp;h=1024\" alt=\"\" class=\"wp-image-205\"\/><figcaption>Me gusta que el ordenador est\u00e9 bien ventilado pero esto es una pasada. Creo que con 5 ventiladores basta.<\/figcaption><\/figure>\n<\/div>\n<\/div>\n\n\n\n<p>El ordenador debe estar ventilado, la refrigeraci\u00f3n liquida es \u00fatil. Pero como siempre no te cuentan toda la verdad.<\/p>\n\n\n\n<div class=\"wp-block-columns has-3-columns is-layout-flex wp-container-core-columns-is-layout-9d6595d7 wp-block-columns-is-layout-flex\">\n<div class=\"wp-block-column is-layout-flow wp-block-column-is-layout-flow\">\n<figure class=\"wp-block-image\"><img decoding=\"async\" src=\"https:\/\/rogelioubedainformaticoaguadulcealmeria00.files.wordpress.com\/2020\/01\/f50b4-wp-ordenadores-roger-_190329-__ordenadores-impresoras-manejados-roger__-estilos-caracter-web_html_2e7e495f471a45aa.png?w=838&amp;h=1024\" alt=\"\" class=\"wp-image-207\"\/><figcaption>Yo he llegado a poner un disipador enorme   parecido.<\/figcaption><\/figure>\n<\/div>\n\n\n\n<div class=\"wp-block-column is-layout-flow wp-block-column-is-layout-flow\">\n<figure class=\"wp-block-image\"><img decoding=\"async\" src=\"https:\/\/rogelioubedainformaticoaguadulcealmeria00.files.wordpress.com\/2020\/01\/dacac-wp-ordenadores-roger-_190329-__ordenadores-impresoras-manejados-roger__-estilos-caracter-web_html_afe183f9c455c9da.png?w=707&amp;h=1024\" alt=\"\" class=\"wp-image-209\"\/><figcaption>Impresionante de la guerra de las galaxias por lo menos. Un At-at.<\/figcaption><\/figure>\n<\/div>\n\n\n\n<div class=\"wp-block-column is-layout-flow wp-block-column-is-layout-flow\">\n<figure class=\"wp-block-image\"><img decoding=\"async\" src=\"https:\/\/rogelioubedainformaticoaguadulcealmeria00.files.wordpress.com\/2020\/01\/10e53-wp-ordenadores-roger-_190329-__ordenadores-impresoras-manejados-roger__-estilos-caracter-web_html_1f0b7eb4ec135452.png\" alt=\"\" class=\"wp-image-208\"\/><figcaption>Un reciclado que no se me hab\u00eda ocurrido.\nDedicado a mi amigo Jos\u00e9 Vicente G. Que le gustan las barbacoas.<\/figcaption><\/figure>\n<\/div>\n<\/div>\n\n\n\n<div class=\"wp-block-columns has-2-columns is-layout-flex wp-container-core-columns-is-layout-9d6595d7 wp-block-columns-is-layout-flex\">\n<div class=\"wp-block-column is-layout-flow wp-block-column-is-layout-flow\">\n<figure class=\"wp-block-image\"><img decoding=\"async\" src=\"https:\/\/rogelioubedainformaticoaguadulcealmeria00.files.wordpress.com\/2020\/01\/00c7a-wp-ordenadores-roger-_190329-__ordenadores-impresoras-manejados-roger__-estilos-caracter-web_html_72734c26c1365c92.png\" alt=\"\" class=\"wp-image-211\"\/><figcaption>Evoluci\u00f3n de la inform\u00e1tica. Muy bueno.<\/figcaption><\/figure>\n<\/div>\n\n\n\n<div class=\"wp-block-column is-layout-flow wp-block-column-is-layout-flow\">\n<p>Aqu\u00ed pondr\u00e9 alguna foto mas.<br><\/p>\n<\/div>\n<\/div>\n\n\n\n<div class=\"wp-block-columns has-3-columns is-layout-flex wp-container-core-columns-is-layout-9d6595d7 wp-block-columns-is-layout-flex\">\n<div class=\"wp-block-column is-layout-flow wp-block-column-is-layout-flow\">\n<figure class=\"wp-block-image\"><img decoding=\"async\" src=\"https:\/\/rogelioubedainformaticoaguadulcealmeria00.files.wordpress.com\/2020\/01\/464fd-wp-ordenadores-roger-_190329-__ordenadores-impresoras-manejados-roger__-estilos-caracter-web_html_e5c7e8ea110cd036.png\" alt=\"\" class=\"wp-image-214\"\/><figcaption>Esto todav\u00eda no lo he hecho&#8230; abrir un disco duro. Todo se andar\u00e1.<\/figcaption><\/figure>\n<\/div>\n\n\n\n<div class=\"wp-block-column is-layout-flow wp-block-column-is-layout-flow\">\n<figure class=\"wp-block-image\"><img decoding=\"async\" src=\"https:\/\/rogelioubedainformaticoaguadulcealmeria00.files.wordpress.com\/2020\/01\/c7f9e-wp-ordenadores-roger-_190329-__ordenadores-impresoras-manejados-roger__-estilos-caracter-web_html_aff04a8bb685077c.png\" alt=\"\" class=\"wp-image-212\"\/><figcaption>soy friki pero no tanto, si algo es obsoleto lo tiro.\nEs una tarjeta SD, dentro de un disquete de 3.5 pulgadas.<\/figcaption><\/figure>\n<\/div>\n\n\n\n<div class=\"wp-block-column is-layout-flow wp-block-column-is-layout-flow\">\n<figure class=\"wp-block-image\"><img decoding=\"async\" src=\"https:\/\/rogelioubedainformaticoaguadulcealmeria00.files.wordpress.com\/2020\/01\/7fb34-wp-ordenadores-roger-_190329-__ordenadores-impresoras-manejados-roger__-estilos-caracter-web_html_e2eb6e96e5544a9c.png\" alt=\"\" class=\"wp-image-213\"\/><figcaption>Este soy yo&#8230; y mi ordenador hoy. Mas antiguo no puede ser, y paso de actualizarlo&#8230; no me gusta que me estafen vendi\u00e9ndome un micro que a los dos d\u00edas vale la mitad. ES un robo.<\/figcaption><\/figure>\n<\/div>\n<\/div>\n\n\n\n<p><a href=\"#indice\">volver a indice (arriba)<\/a><\/p>\n\n\n\n<p>fin.<\/p>\n","protected":false},"excerpt":{"rendered":"<p>ORDENADORES COMPRADOS \u00f3 MANEJADOS POR ROGELIO \u00daBEDA regresar a la pagina inicio (home) indice: Ordenadores Roger: ordenadores comprados manejados por Rogelio \u00dabeda ORDENADORES ROGER: ORDENADORES COMPRADOS MANEJADOS POR ROGELIO \u00daBEDA Un vano intento de poner los miles de ordenadores que hemos manejado, trabajado o arreglados. interrurptor compaq da\u00f1ado foto de compaq con cables por fuera. &hellip; <a href=\"https:\/\/rogelioubedainformaticoaguadulce.tech\/index.php\/ordenadores-roger\/\" class=\"more-link\">Seguir leyendo <span class=\"screen-reader-text\">ORDENADORES ROGER<\/span> <span class=\"meta-nav\">&rarr;<\/span><\/a><\/p>\n","protected":false},"author":1,"featured_media":0,"parent":0,"menu_order":0,"comment_status":"closed","ping_status":"closed","template":"","meta":{"footnotes":""},"class_list":["post-169","page","type-page","status-publish","hentry"],"_links":{"self":[{"href":"https:\/\/rogelioubedainformaticoaguadulce.tech\/index.php\/wp-json\/wp\/v2\/pages\/169","targetHints":{"allow":["GET"]}}],"collection":[{"href":"https:\/\/rogelioubedainformaticoaguadulce.tech\/index.php\/wp-json\/wp\/v2\/pages"}],"about":[{"href":"https:\/\/rogelioubedainformaticoaguadulce.tech\/index.php\/wp-json\/wp\/v2\/types\/page"}],"author":[{"embeddable":true,"href":"https:\/\/rogelioubedainformaticoaguadulce.tech\/index.php\/wp-json\/wp\/v2\/users\/1"}],"replies":[{"embeddable":true,"href":"https:\/\/rogelioubedainformaticoaguadulce.tech\/index.php\/wp-json\/wp\/v2\/comments?post=169"}],"version-history":[{"count":1,"href":"https:\/\/rogelioubedainformaticoaguadulce.tech\/index.php\/wp-json\/wp\/v2\/pages\/169\/revisions"}],"predecessor-version":[{"id":764,"href":"https:\/\/rogelioubedainformaticoaguadulce.tech\/index.php\/wp-json\/wp\/v2\/pages\/169\/revisions\/764"}],"wp:attachment":[{"href":"https:\/\/rogelioubedainformaticoaguadulce.tech\/index.php\/wp-json\/wp\/v2\/media?parent=169"}],"curies":[{"name":"wp","href":"https:\/\/api.w.org\/{rel}","templated":true}]}}