{"id":268,"date":"2019-05-09T19:14:06","date_gmt":"2019-05-09T17:14:06","guid":{"rendered":"https:\/\/rogelioubedainformaticoaguadulcealmeria00.000webhostapp.com\/?page_id=268"},"modified":"2020-11-20T11:16:35","modified_gmt":"2020-11-20T11:16:35","slug":"msdos","status":"publish","type":"page","link":"https:\/\/rogelioubedainformaticoaguadulce.tech\/index.php\/msdos\/","title":{"rendered":"MSDOS"},"content":{"rendered":"\n<h2 class=\"wp-block-heading\">INFORMATICA MS-DOS SHELL DE COMANDOS<\/h2>\n\n\n\n<h3 class=\"wp-block-heading\"><a href=\"https:\/\/rogelioubedainformaticoaguadulce.tech\">regresar a la pagina inicio (home)<\/a><\/h3>\n\n\n\n<h4 class=\"wp-block-heading\" id=\"indice\">indice:<\/h4>\n\n\n\n<ul class=\"wp-block-list\"><li><a href=\"#PESADILLASMSDOS\">Inform\u00e1tica: algunas de mis pesadillas con ordenadores antiguos: el MS-DOS<\/a><\/li><\/ul>\n\n\n\n<h5 class=\"wp-block-heading\" id=\"PESADILLASMSDOS\">INFORMATICA: ALGUNAS DE MIS PESADILLAS CON ORDENADORES ANTIGUOS: EL MS DOS<\/h5>\n\n\n\n<p><a href=\"#indice\">volver a indice (arriba)<\/a><\/p>\n\n\n<p class=\"western\">Hay personas que tienen nostalgia de los ordenadores antiguos, les traen buenos recuerdos, uno carece casi de esas buenas reminiscencias.<\/p>\n<p class=\"western\"><span style=\"color:#ff6347;\"><b>Los ordenadores <\/b><\/span><span style=\"color:#ff6347;\"><b>costaban<\/b><\/span><span style=\"color:#ff6347;\"><b> una \u201cpasta\u201d<\/b><\/span>, un dineral, 4.000euros, luego salieron los amstrad pc que por unos 2000 euros a plazos tambi\u00e9n era mucho dinero.<\/p>\n<p class=\"western\">Nosotros lo compramos en el corte ingles, lo ubic\u00e1bamos en frente de casa, y te daban muchas facilidades, as\u00ed si se pod\u00eda pagar.<\/p>\n<p class=\"western\">Nos instalaron una serie de programas, se portaron muy bien.<\/p>\n<p class=\"western\">Mi padre hab\u00eda realizado varios cursillos por la empresa, era el \u00fanico que sabia algo. YO no tenia ni idea. Uno de los programas que se manejaba mucho eran las <b>pctools.<\/b><\/p>\n<p class=\"western\">Una de las \u201cgracias\u201d (entrecomillado significa iron\u00eda) de dicho programa era que te <span style=\"color:#ff6347;\"><b>facilitaba el formateo <\/b><\/span><span style=\"color:#ff6347;\"><b>(=borrado)<\/b><\/span><span style=\"color:#ff6347;\"><b> de los discos<\/b><\/span> sin tener que recordar todos los comandos y las opciones.<\/p>\n<p class=\"western\">Bueno pues para \u201cexhibir\u201d la \u201cingente\u201d cantidad de conocimientos lo primero que hizo, fue formatear&#8230; pero no un disquete, no se di\u00f3 cuenta de la unidad, y <span style=\"color:#1e90ff;\"><b>borr\u00f3 todo el disco duro.<\/b><\/span><\/p>\n<p class=\"western\">Tampoco es que hubiera nada, apenas 4 o 5 programas, pero antiguamente, en esos a\u00f1os supon\u00eda toda una destrucci\u00f3n.<\/p>\n<p class=\"western\">Yo pase a leerme todos los manuales, <span style=\"color:#9932cc;\"><i><b>a cogerme el libro del Van <\/b><\/i><\/span><span style=\"color:#9932cc;\"><i><b>W<\/b><\/i><\/span><span style=\"color:#9932cc;\"><i><b>olverton <\/b><\/i><\/span><span style=\"color:#9932cc;\"><i><b>de MS DOS<\/b><\/i><\/span><span style=\"color:#9932cc;\"><i><b> y estudi<\/b><\/i><\/span><span style=\"color:#9932cc;\"><i><b>\u00e1<\/b><\/i><\/span><span style=\"color:#9932cc;\"><i><b>rmelo entero.<\/b><\/i><\/span><\/p>\n<p class=\"western\">Vi a un amigo manejar los ordenadores de la universidad donde estudi\u00e1bamos, y tuvimos la \u00abmala\u00bb intenci\u00f3n de preguntar en la secretaria de \u00e9ste departamento que hab\u00eda que hacer para manejar dichos ordenadores. Pusieron el grito en el cielo, <span style=\"color:#ff6347;\"><b>unicamente era para los que estaban en ultimo curso o para los fines de carrera<\/b><\/span>, o sea que preferir\u00edan que nadie los usase a que los alumnos aprendieran. Siempre he sido muy legalista&#8230;<\/p>\n<p class=\"western\">As\u00ed funcionan las cosas en Espa\u00f1a, en la ETSAS tambi\u00e9n, \u00fanica y exclusivamente nos dieron la posibilidad de manej\u00e1rlos <span style=\"color:#9932cc;\"><i><b>pasando un examen ante un <\/b><\/i><\/span><span style=\"color:#9932cc;\"><i><b>inform\u00e1tico<\/b><\/i><\/span><span style=\"color:#9932cc;\"><i><b> titulado.<\/b><\/i><\/span><\/p>\n<p class=\"western\">\u00c9ste buen amigo que estaba manej\u00e1ndolos, me espet\u00f3 que como hab\u00eda sido tan tonto de preguntar, tan ingenuo, que \u00e9l no tenia tampoco carnet, pero que entraba y los usaba. Me dijo <span style=\"color:#9932cc;\"><i><b>el titulo de ese buen libro, y fui a la biblioteca a hacerle fotocopias<\/b><\/i><\/span><b>.<\/b> Yo soy de subrayarlos, de usarlos y uno no tenia dinero como para pagarlos.<\/p>\n<p class=\"western\">Desde estas lineas quiero agradecer tan buen gesto a este compa\u00f1ero, despues fu\u00e9 mi amigo, de las pocas buenas personas que me encontr\u00e9 en la vida, gracias A. Vazquez.<\/p>\n<p class=\"western\">Cuando ya pas\u00f3 alg\u00fan tiempo fui a <b>pasar el examen ante dicho <\/b><b>inform\u00e1tico titulado superior<\/b>, la prueba constaba de cientos de preguntas sobre comandos y varios ejercicios pr\u00e1cticos realizados frente a \u00e9l. Desde creaci\u00f3n de directorios, archivos, mover archivos y carpetas, formateos en alta y en baja, ejecuci\u00f3n de archivos batch, descripci\u00f3n de para que serv\u00edan algunos comandos, como acceder a la ayuda, etc.<\/p>\n<p class=\"western\">Se asust\u00f3 mucho y se le modific\u00f3 el rictus al comprobar que <span style=\"color:#ff6347;\"><b>no sabia la ubicaci\u00f3n de la contrabarra  y \/<\/b><\/span>; a lo que le coment\u00e9 que jamas hab\u00eda tocado un teclado. <b>Despu\u00e9s<\/b><b> de hora y media de examen me dijo que sabia mucho<\/b>, pero que le asust\u00e9 al comentarle que no vi nunca de cerca un ordenador, lo cual era cierto; que no entend\u00eda como pod\u00eda haber alcanzado un nivel tan bueno sin acceder a la maquina, le dije que me hab\u00eda le\u00eddo y estudiado ese libro. Y que <span style=\"color:#ff6347;\"><b>la <\/b><\/span><span style=\"color:#ff6347;\"><b>l\u00f3gica<\/b><\/span><span style=\"color:#ff6347;\"><b> si est\u00e1 clara y explica<\/b><\/span><span style=\"color:#ff6347;\"><b>da<\/b><\/span><span style=\"color:#ff6347;\"><b> no hay necesidad de ejecutarla.<\/b><\/span><\/p>\n<p class=\"western\">A partir de entonces pude acceder con mi carnet al aula de inform\u00e1tica.<\/p>\n<p class=\"western\">Luego cuando ya tuve un pc en casa, ocurrieron dos \u00fanicos gestos buenos que puedo recordar de personas a las cuales aprecio. NO todo o casi todo iba a ser malo.<\/p>\n<p class=\"western\">Conjuntamente con el pc venia un rat\u00f3n de la marca arianne, muy bueno por cierto. En esa \u00e9poca uno de los programas mas utilizado era el <span style=\"color:#1e90ff;\"><b>hardward graphics<\/b><\/span>. Era el que realizaba carteles y portadas de trabajos, un programa grafico. Uno ya sabia bastante de como funcionaba la memoria, mejor dicho como la gestionaba el ms-dos, memoria alta, high memory, memoria extendida, expandida, vamos que era un lio. Algunos juegos no se ejecutaban bien si no dispon\u00edan de los primeros 640Kb lo mas limpios posibles, y ubic\u00e1bamos los controladores de los dispositivos en el \u00e1rea de memoria alta.<\/p>\n<p class=\"western\">Pues el caso es que dicho <span style=\"color:#1e90ff;\"><b>controlador del <\/b><\/span><span style=\"color:#1e90ff;\"><b>rat\u00f3n<\/b><\/span><span style=\"color:#1e90ff;\"><b>, al poner el programa grafico se cerraba.<\/b><\/span> Y si se quitaba el driver, el programa funcionaba perfectamente.<\/p>\n<p class=\"western\">En aquella \u00e9poca todos los ordenadores se les denominaba compatibles, porque lo eran con el pc de ibm, y uno se preguntaba si ese rat\u00f3n tambi\u00e9n pudiera ser compatible con el driver de Microsoft. Entonces vino un compa\u00f1ero de la empresa de mi padre que sabia bastante de ordenadores y comprob\u00f3 que era el programita del rat\u00f3n el que chocaba con el hardward graphics que ellos manejaban mucho en la empresa. Y <span style=\"color:#ff6347;\"><b>me recomend\u00f3 algo que yo ya tenia grandes sospechas, que <\/b><\/span><span style=\"color:#ff6347;\"><b>podr\u00eda<\/b><\/span><span style=\"color:#ff6347;\"><b> utilizar el de <\/b><\/span><span style=\"color:#ff6347;\"><b>Microsoft.<\/b><\/span><\/p>\n<p class=\"western\">Entonces otro de la fabrica Sr. Cordones me proporcion\u00f3 una caja completa hasta con el rat\u00f3n de Microsoft. Que ellos no los utilizaban, y que ven\u00edan con las maquinas, y pude constatar que funcionaba perfectamente con el mouse mio.<\/p>\n<p class=\"western\">Son pocos los gestos buenos pero sirvan estas palabras de agradecimiento a \u00e9stas personas que se portaron muy bien.<\/p>\n\n\n<p class=\"has-light-gray-color has-text-color has-background\" style=\"background-color:#176e93\"><strong>No se si se dan cuenta de la \u201cchalaura\u201d de lo que he escrito, o sea que le pones el programa que viene con el hardware de tu rat\u00f3n, y los programas no funcionan, y le metes el de otra empresa y si va.<\/strong><\/p>\n\n\n<p class=\"western\"><span style=\"color:#9932cc;\"><i><b>\u00bf<\/b><\/i><\/span><span style=\"color:#9932cc;\"><i><b>He dicho alguna vez que odio la consola de sistema?<\/b><\/i><\/span>, seguro que mil veces. Es que no alcanzo a comprender como en pleno siglo xxi tenemos que seguir usando comandos de shell, \u2026 pero es que uno pudiera llegar a pensar que ya no se usa o que no sirve\u2026 es que te ves obligado a ejecutarlos porque si no algunos programas no van. Me parece incre\u00edble.<\/p>\n<p class=\"western\">Yo les digo a mis amigos que utilizan Linux que prueben a poner un segundo disco duro a ver que sucede. Sencillamente <span style=\"color:#1e90ff;\"><b>el sistema no les permite utilizarlo, se apropia de todo el disco<\/b><\/span>. Yo le tengo puesto una unidad de RAM como recomiendan todas las distribuciones, el doble de la capacidad de la RAM, tengo 8Gb pues 16, ninguna distribuci\u00f3n la us\u00f3 jamas. Es m\u00e1s los 8 Gb de RAM tampoco he llegado a llenarlos poniendo en marcha una docena de programas y us\u00e1ndolos a fondo.<\/p>\n<p class=\"western\"><b>\u00bfQue fundamento tiene que el sistema se haga con todo el disco? <\/b>Te esconden el usuario root, no dejan que lo utilices, y tu no puedes realizar tareas administrativas todo el tiempo, ni los programas tampoco te dejan acceder. Tienes que volver, te obligan otra vez a la shell a la consola de sistema. Una pesadilla.<\/p>\n\n\n<p class=\"has-light-gray-color has-text-color has-background\" style=\"background-color:#0973a0\"><strong>O utilizas la consola o no te dejan que uses tu propio disco duro auxiliar, que el sistema no va a utilizar, pero que se apropia de \u00e9l.<\/strong><\/p>\n\n\n<p class=\"western\">Solo le veo una \u201cventaja\u201d, o un motivo de su uso, evitar que el usuario com\u00fan pueda estropear el sistema. Pero por el contrario, cuando uno ya no sabe que hacer se dedica a buscar comandos que sirvan por la red, y corta y pega lo primero que pilla, muchas veces ejecutamos comandos que no sabemos realmente lo que hacen.<\/p>\n<p class=\"western\">&#8230;<\/p>\n<p class=\"western\">Pocos buenos recuerdos\u2026 Si no preguntarle a los que mas tiempo llevan <span style=\"color:#ff6347;\"><b>\u00bfc<\/b><\/span><span style=\"color:#ff6347;\"><b>uantos disquetes era el office?<\/b><\/span>, y cuando ya estabas instal\u00e1ndolo, fallaba el disco de la ultima parte, toda la ma\u00f1ana perdida.<\/p>\n<p class=\"western\">O cuando en mitad de un juego, se produc\u00eda un fallo, y te obligaba a <span style=\"color:#1e90ff;\"><b>meter el disco de sistema, para releer el command.com,<\/b><\/span> o cuando alg\u00fan driver chocaba en la parte de memoria alta, high memmory area, o cuando alguno no pod\u00eda ubicarse en dicha posici\u00f3n virtual de memoria.<\/p>\n<p class=\"western\">O preguntarles <span style=\"color:#ff6347;\"><b>cuando se <\/b><\/span><span style=\"color:#ff6347;\"><b>perd\u00eda<\/b><\/span><span style=\"color:#ff6347;\"><b> la pagina de <\/b><\/span><span style=\"color:#ff6347;\"><b>Espa\u00f1a<\/b><\/span><span style=\"color:#ff6347;\"><b> sp,<\/b><\/span> keyb sp, y saltaba la pagina americana, y te volv\u00edas loco buscando los caracteres \u201calt+yo que se\u201d<\/p>\n<p class=\"western\">O el <span style=\"color:#1e90ff;\"><b>wordperfect, que <\/b><\/span><span style=\"color:#1e90ff;\"><b>vend\u00edan<\/b><\/span><span style=\"color:#1e90ff;\"><b> plantillas <\/b><\/span><span style=\"color:#1e90ff;\"><b>hasta<\/b><\/span><span style=\"color:#1e90ff;\"><b> en los quioscos,<\/b><\/span> alt+f7, control+f8, alt+shift+f9\u2026. Plantillas como si fueran de los aviones para especificar lo que hacia cada bot\u00f3n, luego ya por fin sacaron una plantilla en el bot\u00f3n F1 para poner todo ese galimat\u00edas en la pantalla y por fin gracias al esp\u00edritu santo de alguien l\u00f3gico, pod\u00edas ver todas esas combinaciones en la pantalla y olvidarte de lo que jamas fuimos capaces de aprendernos.<\/p>\n<p class=\"western\">Ahora se pueden ver todos esos juegos, yo prob\u00e9 hace no mucho un emulador de spectrum, cuando tardabas 10 minutos en cargar un juego, ahora lo realiza en un mili segundo. Y <span style=\"color:#ff6347;\"><b>cuando ves esas pantallas CGA, sales corriendo<\/b><\/span>. Y uno se pregunta \u00bfcomo demonios pod\u00eda pasar las horas enteras jugando con esas pantallas? Claro no hab\u00eda otra cosa.<\/p>\n<p class=\"western\">No se\u2026<\/p>\n\n\n<p class=\"has-light-gray-color has-text-color has-background\" style=\"background-color:#0d78a5\">&#8230;<strong>yo\nsolo me acuerdo de las miles de horas de trabajo<\/strong>, de\nsacrificio, de dejarme la sesera con los problemas para intentar\narreglar algo.<\/p>\n\n\n<p class=\"western\">Son miles los problemas solucionados, que casi ni me acuerdo de los buenos momentos, supongo que habr\u00e1 algunos.<\/p>\n<p class=\"western\">En la ETSAS Arquitectura de Sevilla llegaron a llamarme los compa\u00f1eros <span style=\"color:#1e90ff;\"><b>\u201cvirus\u201d pues los desinfectaba hasta por tel\u00e9fono<\/b><\/span>, me sabia los comandos de memoria \/a \/v \u2026 hasta de los par\u00e1metros.<\/p>\n<dl>\n<dd>\n<table width=\"408\" cellspacing=\"0\" cellpadding=\"4\">\n<colgroup>\n<col width=\"398\"> <\/colgroup>\n<tbody>\n<tr>\n<td width=\"398\" valign=\"top\">\n<p class=\"western\">Cientos de llamadas de compa\u00f1er@s de los que una vez que ya se han servido de tus conocimientos ni siquiera te llaman mas.<\/p>\n<\/td>\n<\/tr>\n<\/tbody>\n<\/table>\n<\/dd>\n<\/dl>\n<p class=\"western\">Leer una y otra vez los libros para ordenar el archivo batch del sistema, jo ya ni me acordaba del nombre, <span style=\"color:#9932cc;\"><i><b>autoexec.bat<\/b><\/i><\/span>\u2026 miles de ediciones, buscando combinaciones, averiguando que significaba cada par\u00e1metro, volvi\u00e9ndose literalmente loco, para que funcionasen todos los programas.<\/p>\n<p class=\"western\">Me acuerdo que se eliminaba en aquellos a\u00f1os todos los programas que abultaban y no eran de nuestro agrado. Rememoro una tarde con un buen amigo JosFer, que me llamaron en mi casa por tel\u00e9fono, y me fu\u00ed al sal\u00f3n que era donde estaba el terminal, no hab\u00eda muchos inal\u00e1mbricos. Cuando regreso \u00e9ste individuo tremendamente inteligente estaba en la carpeta Windows borrando un mont\u00f3n de cosas. Le digo \u201cpero que haces si es mi ordenador\u201d, el me contest\u00f3, \u201csi borrando todo eso el pc funciona es que no era muy necesario\u201d.<\/p>\n<p class=\"western\">Ahora le pongo como ejemplo en mis clases como profesor de inform\u00e1tica. Gracias por su amistad Sr Jos\u00e9 Fernando.<\/p>\n<p class=\"western\">Luego cuando dicho ordenador se nos hizo \u201cpeque\u00f1o\u201d conseguimos venderlo y a buen precio y uno humildemente cree que <span style=\"color:#1e90ff;\"><b>se vendi\u00f3 debido al centenar de programas que conseguimos meter.<\/b><\/span> Lo que no sabia el cliente es que funcionaban, pero con cientos de archivos de menos.<\/p>\n<p class=\"western\">Las pantallas con baja calidad, VGA era lo mejor de lo mejor. Juegos lentos\u2026 y aun asi nos gustaban. <span style=\"color:#ff6347;\"><b>Yo nunca he sido <\/b><\/span><span style=\"color:#ff6347;\"><b>nost\u00e1lgico.<\/b><\/span><\/p>\n<p class=\"western\">Otra historia que me ha llegado a la mente.<\/p>\n<p class=\"western\">\u00c9sta es una demostraci\u00f3n del tipo de \u201ccala\u00f1a\u201d de \u201cgentuza\u201d que me he tenido que encontrar, la gente no se puede creer que haya convivido con estos seres pero es la verdad, hay cientos de testigos.<\/p>\n<p class=\"western\">Tendemos a pensar que el rat\u00f3n es un invento moderno 1960 acabo de leer. Pues en los noventa en la universidad, en Arquitectura de Sevilla, el mecanismo de dichos dispositivos era por bola, se arrastraba una esfera y \u00e9sta mov\u00eda unos cilindros uno vertical y otro horizontal, el vertical media el movimiento hacia arriba y el otro a los lados. Al llegar a la sala de CAD de la universidad me encuentro que algunos ratones no funcionan, y al intentar moverlos pues se ensuciaban mucho los cilindros y hab\u00eda que limpiarlos continuamente, miro y <span style=\"color:#1e90ff;\"><b>veo que le falta la bola<\/b><\/span>. Despu\u00e9s de varios d\u00edas observ\u00e9 que algunos compa\u00f1eros <span style=\"color:#ff6347;\"><b>se l<\/b><\/span><span style=\"color:#ff6347;\"><b>a<\/b><\/span><span style=\"color:#ff6347;\"><b>s llevaban para que nadie pudiera utilizarlos<\/b><\/span> excepto ellos, yo no lo sabia pero los di\u00e1metros de las esferas y los pesos no eran los mismos de unas marcas a otras.<\/p>\n<p class=\"western\"><b>ERA PARA QUE ELLOS PUDIERAN UTILIZARLOS Y TU NO.<\/b> Debian de ser compa\u00f1er@s similares a los que llenaban la biblioteca por la ma\u00f1ana a primera hora con carpetas, para que siempre pudieran tener un sitio si tenian un hueco en el horario con alguna clase que no tuvieran que ir. Ese es el tipo de cala\u00f1a de seres que me tenido que encontrar.<\/p>\n<p class=\"western\">No obviamente no tengo nostalgia de esos a\u00f1os de MSDOS, y <span style=\"color:#9932cc;\"><i><b>me sigue molestando cuando en Linux no me queda mas remedio que usar la shell.<\/b><\/i><\/span><\/p>\n\n\n<p><a href=\"#indice\">volver a indice (arriba)<\/a><\/p>\n\n\n\n<p>fin<\/p>\n","protected":false},"excerpt":{"rendered":"<p>INFORMATICA MS-DOS SHELL DE COMANDOS regresar a la pagina inicio (home) indice: Inform\u00e1tica: algunas de mis pesadillas con ordenadores antiguos: el MS-DOS INFORMATICA: ALGUNAS DE MIS PESADILLAS CON ORDENADORES ANTIGUOS: EL MS DOS Hay personas que tienen nostalgia de los ordenadores antiguos, les traen buenos recuerdos, uno carece casi de esas buenas reminiscencias. Los ordenadores &hellip; <a href=\"https:\/\/rogelioubedainformaticoaguadulce.tech\/index.php\/msdos\/\" class=\"more-link\">Seguir leyendo <span class=\"screen-reader-text\">MSDOS<\/span> <span class=\"meta-nav\">&rarr;<\/span><\/a><\/p>\n","protected":false},"author":1,"featured_media":0,"parent":0,"menu_order":0,"comment_status":"closed","ping_status":"closed","template":"","meta":{"footnotes":""},"class_list":["post-268","page","type-page","status-publish","hentry"],"_links":{"self":[{"href":"https:\/\/rogelioubedainformaticoaguadulce.tech\/index.php\/wp-json\/wp\/v2\/pages\/268","targetHints":{"allow":["GET"]}}],"collection":[{"href":"https:\/\/rogelioubedainformaticoaguadulce.tech\/index.php\/wp-json\/wp\/v2\/pages"}],"about":[{"href":"https:\/\/rogelioubedainformaticoaguadulce.tech\/index.php\/wp-json\/wp\/v2\/types\/page"}],"author":[{"embeddable":true,"href":"https:\/\/rogelioubedainformaticoaguadulce.tech\/index.php\/wp-json\/wp\/v2\/users\/1"}],"replies":[{"embeddable":true,"href":"https:\/\/rogelioubedainformaticoaguadulce.tech\/index.php\/wp-json\/wp\/v2\/comments?post=268"}],"version-history":[{"count":1,"href":"https:\/\/rogelioubedainformaticoaguadulce.tech\/index.php\/wp-json\/wp\/v2\/pages\/268\/revisions"}],"predecessor-version":[{"id":762,"href":"https:\/\/rogelioubedainformaticoaguadulce.tech\/index.php\/wp-json\/wp\/v2\/pages\/268\/revisions\/762"}],"wp:attachment":[{"href":"https:\/\/rogelioubedainformaticoaguadulce.tech\/index.php\/wp-json\/wp\/v2\/media?parent=268"}],"curies":[{"name":"wp","href":"https:\/\/api.w.org\/{rel}","templated":true}]}}