{"id":35,"date":"2019-04-16T17:32:25","date_gmt":"2019-04-16T15:32:25","guid":{"rendered":"https:\/\/rogelioubedainformaticoaguadulcealmeria00.000webhostapp.com\/?page_id=35"},"modified":"2020-11-20T11:18:19","modified_gmt":"2020-11-20T11:18:19","slug":"programas-esenciales","status":"publish","type":"page","link":"https:\/\/rogelioubedainformaticoaguadulce.tech\/index.php\/programas-esenciales\/","title":{"rendered":"PROGRAMAS ESENCIALES"},"content":{"rendered":"\n<h2 class=\"wp-block-heading\">PROGRAMAS FUNDAMENTALES para Linux y\/o Windows<\/h2>\n\n\n\n<h3 class=\"wp-block-heading\"><a href=\"https:\/\/rogelioubedainformaticoaguadulce.tech\">regresar a la pagina inicio (home)<\/a><\/h3>\n\n\n\n<h4 class=\"wp-block-heading\" id=\"indice\">indice:<\/h4>\n\n\n\n<ul class=\"wp-block-list\"><li><a href=\"#PROGRAMASIMPRESCINDIBLES\">Programas imprescindibles a junio 2019<\/a><\/li><li><a href=\"#ANTIVIRUS\">Antivirus<\/a><\/li><li><a href=\"#NAVEGADORES\">Navegadores<\/a><\/li><li><a href=\"#OTROSPROGRAMAS\">Otros programas<\/a><\/li><li><a href=\"#PROGRAMASLINUXMINT\">Programas que tengo instalados en linux mint 19.2 junio 2019<\/a><\/li><\/ul>\n\n\n\n<p><a href=\"#indice\">volver a indice (arriba)<\/a><\/p>\n\n\n\n<h5 class=\"wp-block-heading\" id=\"PROGRAMASIMPRESCINDIBLES\">PROGRAMAS IMPRESCINDIBLES A JUNIO 2019<\/h5>\n\n\n<p class=\"western\">programas esenciales Linux Windows junio 2019 Roger inform\u00e1tico aguadulce<\/p>\n<p class=\"western\">Rogelio \u00dabeda<\/p>\n<ul>\n<li>\n<p class=\"western\">La lista siempre es subjetiva, solo hace falta poner eso mismo= \u201cprogramas esenciales\u201d en cualquier buscador <b>Google, Bing, Yahoo<\/b>, y ver que hay cientos de paginas web recomendando.<\/p>\n<\/li>\n<\/ul>\n<p class=\"western\">Ante un nuevo ordenador&#8230;<\/p>\n<ul>\n<li>\n<p class=\"western\">Lo primero comprobar que todo este bien instalado, <span style=\"color:#ff6347;\"><b>drivers=controladores de dispositivos fundamental,<\/b><\/span> principalmente la tarjeta gr\u00e1fica, que est\u00e9 actualizada.<\/p>\n<\/li>\n<li>\n<p class=\"western\">Por supuesto el sistema operativo deber\u00eda estar actualizado frecuentemente, <span style=\"color:#1e90ff;\"><b>por defecto no se actualiza, o lo hace de madrugada en el caso particular de <\/b><\/span><span style=\"color:#1e90ff;\"><b>Windows.<\/b><\/span><\/p>\n<\/li>\n<\/ul>\n<p class=\"western\"><span style=\"color:#4b0082;\"><i><b>Microsoft Windows 10 tiene varios niveles de seguridad, y otras actualizaciones que siendo recomendadas no son de seguridad. Lo ideal es actualizar todo, requiere su tiempo. Varias horas.<\/b><\/i><\/span><\/p>\n<ul>\n<li>\n<p class=\"western\">Activar el cortafuegos= firewall.<\/p>\n<\/li>\n<\/ul>\n\n\n<p><strong>Un\nantivirus es esencial, para navegar con un m\u00ednimo de seguridad. Hay\nopciones de antivirus en el propio navegador.<\/strong><\/p>\n\n\n\n<p>En\nel navegador de Google Chrome, o Chromium en Linux hay una extensi\u00f3n\ndisponible del antivirus <strong>Avast Online\nSecurity,<\/strong> te lee el sitio web antes de que lo visites y te\ndice si es peligroso o no. Recomiendo que se instale dicha extensi\u00f3n.<\/p>\n\n\n\n<p><a href=\"#indice\">volver a indice (arriba)<\/a><\/p>\n\n\n\n<h5 class=\"wp-block-heading\" id=\"ANTIVIRUS\">ANTIVIRUS<\/h5>\n\n\n<p class=\"western\">Cualquier antivirus deja pasar virus, a mi me gusta mucho <span style=\"color:#1e90ff;\"><b>AVG, y Avast.<\/b><\/span><\/p>\n<p class=\"western\">Pero si no lo tienes es que est\u00e1s infectado seguro.<\/p>\n<p class=\"western\">Hay miles, Panda es de Espa\u00f1a, Kaspersky, Norton, Mcafee&#8230;<\/p>\n<p class=\"western\">Todo \u00e9sto <span style=\"color:#ff6347;\"><b>no sirve de casi nada si no le ponemos un nombre de usuario, que no sea muy sencillo y una clave m\u00ednima de 8 d\u00edgitos y letras<\/b><\/span>, que no sea f\u00e1cil, es para afuera. La clave la pod\u00e9is poner en un papel al lado, es de protecci\u00f3n para Internet.<\/p>\n<p class=\"western\">Un ordenador sin programas no es nada. Un tel\u00e9fono m\u00f3vil smartphone sin programas no sirve para nada mas que llamar.<\/p>\n<p class=\"western\">Los programas dependen de las necesidades de cada usuario.<\/p>\n<p class=\"western\">Para mi es casi imprescindible disponer de un m\u00ednimo de seguridad frente a virus <span style=\"color:#1e90ff;\"><b>trabajo con decenas de discos duros de clientes, y este entorno me lo proporciona LINUX<\/b><\/span>, no la plataforma mayoritaria. Si tienes un ordenador nuevo y viene el sistema operativo instalado, si le pones ademas Linux cohabitando puedes perder la garant\u00eda. Aparte los port\u00e1tiles apenas dan soporte para Linux, el mio ni siquiera eso. No da ninguno es Toshiba.<\/p>\n\n\n<p><a href=\"#indice\">volver a indice (arriba)<\/a><\/p>\n\n\n\n<h5 class=\"wp-block-heading\" id=\"NAVEGADORES\">NAVEGADORES<\/h5>\n\n\n<p class=\"western\">Tener varios navegadores, <span style=\"color:#1e90ff;\"><b>Google Chrome, Mozilla Firefox,<\/b><\/span> Opera, son buenos. No usar Internet Explorer, nada mas que por fuerza mayor. Ojo lo recomienda hasta el propio windows.<\/p>\n\n\n<p><a href=\"#indice\">volver a indice (arriba)<\/a><\/p>\n\n\n\n<h5 class=\"wp-block-heading\" id=\"OTROSPROGRAMAS\">OTROS PROGRAMAS<\/h5>\n\n\n<p class=\"western\">Un office, vale 300 euros, mejor poner <span style=\"color:#1e90ff;\"><b>el de Linux que es gratuito y <\/b><\/span><span style=\"color:#1e90ff;\"><b>totalmente <\/b><\/span><span style=\"color:#1e90ff;\"><b>legal, LIBREOFFICE<\/b><\/span>. Compatible con Microsoft office.<\/p>\n<p class=\"western\"><span style=\"color:#ff6347;\"><b>https:\/\/es.libreoffice.org\/<\/b><\/span><\/p>\n<p class=\"western\">Todos los programas sin virus pues son c\u00f3digo libre de Linux est\u00e1n en:<\/p>\n<dl>\n<dd>\n<table width=\"204\" cellspacing=\"0\" cellpadding=\"4\">\n<colgroup>\n<col width=\"194\"> <\/colgroup>\n<tbody>\n<tr>\n<td width=\"194\" valign=\"top\">\n<p class=\"western\"><span style=\"color:#ff6347;\"><b>https:\/\/sourceforge.net\/<\/b><\/span><\/p>\n<\/td>\n<\/tr>\n<\/tbody>\n<\/table>\n<\/dd>\n<\/dl>\n<p class=\"western\"><b>\u00bfQue significa eso de c\u00f3digo libre?<\/b> Que puedes ver las lineas con las que est\u00e1 programada dicha aplicaci\u00f3n, que ves los comandos, las funciones que ejecuta, y que los puedes modificar si quieres que tenga otras funcionalidades.<\/p>\n<p class=\"western\">Esta puesto por temas. Es la base de Linux.<\/p>\n\n\n<p class=\"has-background\" style=\"background-color:#59aacd\"><strong>OJO\nLA MAYOR\u00cdA DE PROGRAMAS DE LINUX, se pueden descargarse e instalar\nen WINDOWS TAMBI\u00c9N.<\/strong><\/p>\n\n\n<ul>\n<li>\n<p class=\"western\">Qbittorrent. Descarga de archivos torrent. Pel\u00edculas. M\u00fasica, series.<\/p>\n<\/li>\n<\/ul>\n<p class=\"western\"><span style=\"color:#ff6347;\"><b>https:\/\/sourceforge.net\/projects\/qbittorrent\/<\/b><\/span><\/p>\n<ul>\n<li>\n<p class=\"western\">VLC media player para reproducir videos.<\/p>\n<\/li>\n<\/ul>\n<p class=\"western\"><span style=\"color:#ff6347;\"><b>https:\/\/sourceforge.net\/projects\/vlc\/<\/b><\/span><\/p>\n<ul>\n<li>\n<p class=\"western\">adobe flashplugin\u2026. Para ver videos flash player\u2026 youtube etc.<\/p>\n<\/li>\n<\/ul>\n<p class=\"western\"><span style=\"color:#ff6347;\"><b>https:\/\/get.adobe.com\/es\/flashplayer\/<\/b><\/span><\/p>\n<p class=\"western\">Los hay de codigo abierto.<\/p>\n<ul>\n<li>\n<p class=\"western\">adobe reader\u2026 para leer pdf<\/p>\n<\/li>\n<\/ul>\n<p class=\"western\"><span style=\"color:#ff6347;\"><b>https:\/\/get.adobe.com\/es\/reader\/otherversions\/<\/b><\/span><\/p>\n<ul>\n<li>\n<p class=\"western\">java\u2026 miles de programas usan java\u2026 en las paginas web tambi\u00e9n es requerido.<\/p>\n<\/li>\n<\/ul>\n<p class=\"western\"><span style=\"color:#ff6347;\"><b>https:\/\/www.java.com\/es\/download\/<\/b><\/span><\/p>\n<ul>\n<li>\n<p class=\"western\">gimp programa editor de fotografias, similar a Adobe Photoshop.<\/p>\n<\/li>\n<\/ul>\n<p class=\"western\"><span style=\"color:#ff6347;\"><b>http:\/\/www.gimp.org.es\/<\/b><\/span><\/p>\n<ul>\n<li>\n<p class=\"western\">audacity, clementine, rhytmbox, audio<\/p>\n<\/li>\n<\/ul>\n<p class=\"western\"><span style=\"color:#ff6347;\"><b>https:\/\/sourceforge.net\/projects\/audacity\/<\/b><\/span><\/p>\n<ul>\n<li>\n<p class=\"western\">free audio converter<\/p>\n<\/li>\n<\/ul>\n<p class=\"western\"><span style=\"color:#ff6347;\"><b>https:\/\/sourceforge.net\/projects\/bonkenc\/<\/b><\/span><\/p>\n<p class=\"western\">grabador cd, dvd<\/p>\n<p class=\"western\"><span style=\"color:#ff6347;\"><b>https:\/\/www.cdburnerxp.se\/<\/b><\/span><\/p>\n<p class=\"western\">gestor de archivos, explorador de archivos.<\/p>\n<p class=\"western\">double commander<\/p>\n<p class=\"western\"><span style=\"color:#ff6347;\"><b>https:\/\/sourceforge.net\/projects\/doublecmd\/<\/b><\/span><\/p>\n<p class=\"western\">programa gestor de archivos comprimidos *.zip *.rar<\/p>\n<p class=\"western\"><span style=\"color:#ff6347;\"><b>https:\/\/sourceforge.net\/projects\/p7zip\/<\/b><\/span><\/p>\n<p class=\"western\">sincronizar contenido de dispositivos m\u00f3viles, usb.<\/p>\n<p class=\"western\"><span style=\"color:#ff6347;\"><b>https:\/\/sourceforge.net\/projects\/synkron\/<\/b><\/span><\/p>\n<p class=\"western\">calibre convierte archivos epub.<\/p>\n<p class=\"western\"><span style=\"color:#ff6347;\"><b>https:\/\/sourceforge.net\/projects\/calibre\/<\/b><\/span><\/p>\n<p class=\"western\">ebook reader lector libros electr\u00f3nicos epub.<\/p>\n<p class=\"western\"><span style=\"color:#ff6347;\"><b>https:\/\/sourceforge.net\/projects\/crengine\/<\/b><\/span><\/p>\n<p class=\"western\">ver fotos, organizarlas:<\/p>\n<p class=\"western\"><span style=\"color:#ff6347;\"><b>http:\/\/www.xnview.com\/en\/<\/b><\/span><\/p>\n<p class=\"western\">para ver y gestionar anuncios, dibujos vectoriales, cliparts, etc.<\/p>\n<p class=\"western\"><span style=\"color:#ff6347;\"><b>https:\/\/inkscape.org\/<\/b><\/span><\/p>\n<p class=\"western\">programa para ver las estrellas.<\/p>\n<p class=\"western\"><span style=\"color:#ff6347;\"><b>https:\/\/sourceforge.net\/projects\/stellarium\/<\/b><\/span><\/p>\n<p class=\"western\">fligth simulator:<\/p>\n<p class=\"western\"><span style=\"color:#ff6347;\"><b>https:\/\/sourceforge.net\/projects\/flightgear\/<\/b><\/span><\/p>\n<p class=\"western\">Ojo ocupa una pasada, no es f\u00e1cil instalar los aeropuertos espa\u00f1oles, pero cuando \u201cvan\u201d te lo pasas pipa volando por Madrid.<\/p>\n<p class=\"western\">karts juego coches:<\/p>\n<p class=\"western\"><span style=\"color:#ff6347;\"><b>https:\/\/sourceforge.net\/projects\/supertuxkart\/<\/b><\/span><\/p>\n<p class=\"western\"><span style=\"color:#1e90ff;\"><b>HACE A\u00d1OS QUE YA NO TRABAJO <\/b><\/span><span style=\"color:#1e90ff;\"><b>DESDE<\/b><\/span><span style=\"color:#1e90ff;\"><b> WINDOWS<\/b><\/span>. Es muy inseguro. Y aparte <span style=\"color:#1e90ff;\"><b>siempre esta haciendo trabajar al microprocesador y al disco duro,<\/b><\/span> cuando tu no estas realizando ninguna tarea, son servicios que tu no has activado, sino que vienen por defecto, servidor de impresi\u00f3n, de fax, de correo, etc.<\/p>\n<p class=\"western\">Tengo una parte del disco duro ademas de Windows, en Linux y es ah\u00ed donde trabajo.<\/p>\n<p class=\"western\">Antes buscaba programas en:<\/p>\n<p class=\"western\">https:\/\/www.softonic.com\/<\/p>\n<p class=\"western\">vienen por temas y calificados. Hay muchas paginas de programas, y gratis, pero <span style=\"color:#4b0082;\"><i><b>ojo pueden venir con virus. Yo me llev\u00e9 como cuatro o cinco, por eso deje de usarlo.<\/b><\/i><\/span><\/p>\n<p class=\"western\">En Linux tu puedes disponer de las lineas del c\u00f3digo como fue programado, el nombre del programador, su direcci\u00f3n de contacto, todo.<\/p>\n<p class=\"western\">Este sitio nombrado anteriormente no es de Linux.<\/p>\n<p class=\"western\">En Windows hay muchos virus. Yo os recomendar\u00eda que usaseis Linux, cualquier distribuci\u00f3n. De las mas f\u00e1ciles, estables, seguras, y recomendadas est\u00e1n MX-linux n\u00ba1 a nivel mundial, y Linux Mint. Ubuntu tambi\u00e9n es buena.<\/p>\n\n\n<p><a href=\"#indice\">volver a indice (arriba)<\/a><\/p>\n\n\n\n<p class=\"has-background\" style=\"background-color:#d5df6a\"><strong>OJO INSTALAR UN LINUX,  junto con WINDOWS NO ES F\u00c1CIL<\/strong>. <strong>A MI ME COST\u00d3 MUCHOS MESES DE LEER DOCUMENTACI\u00d3N para poderlo instalar en MI PORT\u00c1TIL.<\/strong>  <\/p>\n\n\n<p class=\"western\">Hay muchos profesionales en Internet que afirman que no se puede poner. En mi caso particular funciona perfectamente, solo tienes que tener la precauci\u00f3n de <span style=\"color:#4b0082;\"><i><b>actualizar siempre antes Linux, y luego posteriormente Windows, nunca al rev\u00e9s.<\/b><\/i><\/span><\/p>\n<ul>\n<li>\n<p class=\"western\"><span style=\"color:#ff6347;\"><b>Tener dos sistemas operativos es como si tuvieseis dos maquinas individuales en una<\/b><\/span>. Pod\u00e9is arrancar las dos independientemente. Supuesta y habitualmente no tienen porqu\u00e9 interferir entre los dos. Y ves como &#8230;<\/p>\n<\/li>\n<\/ul>\n\n\n<p class=\"has-background\" style=\"background-color:#5cdabe\"><em><strong>Windows\nva \u201cparado\u201d, te dificulta mucho trabajar, y con Linux va volando\ny es seguro.<\/strong><\/em> Por eso no les interesa que se puedan\nponer los dos, para que no te des cuenta de eso en tu mismo\nordenador. No les conviene que puedas elegir entre los dos sistemas\noperativos.<\/p>\n\n\n\n<p>==============================================<\/p>\n\n\n\n<p><a href=\"#indice\">volver a indice (arriba)<\/a><\/p>\n\n\n\n<h5 class=\"wp-block-heading\" id=\"PROGRAMASLINUXMINT\">PROGRAMAS QUE TENGO INSTALADOS EN LINUX MINT 19.2 JUNIO 2019<\/h5>\n\n\n<p class=\"western\">ClamvTk antivirus, Double Commander, formateador memorias usb, discos, visor de documentos pdf,<\/p>\n<ul>\n<li>\n<p class=\"western\"><span style=\"color:#ff6347;\"><b>graficos<\/b><\/span>:<\/p>\n<\/li>\n<\/ul>\n<p class=\"western\">gpick, gwenview, inkscape, xsane escaners, gimp, shotwell,<\/p>\n<ul>\n<li>\n<p class=\"western\"><span style=\"color:#ff6347;\"><b>internet<\/b><\/span>:<\/p>\n<\/li>\n<\/ul>\n<p class=\"western\">Chromium google chrome, firefox, qbittorrent, google earth,<\/p>\n<ul>\n<li>\n<p class=\"western\"><span style=\"color:#ff6347;\"><b>juegos<\/b><\/span>:<\/p>\n<\/li>\n<\/ul>\n<p class=\"western\">crack attack, flightgear, gweled, kapman, lbreakout2, freedoom, prboom+, swell foop,<\/p>\n<ul>\n<li>\n<p class=\"western\"><span style=\"color:#ff6347;\"><b>oficina<\/b><\/span>:<\/p>\n<\/li>\n<\/ul>\n<p class=\"western\">calibre, libre office,<\/p>\n<ul>\n<li>\n<p class=\"western\"><span style=\"color:#ff6347;\"><b>programaci\u00f3n<\/b><\/span>:<\/p>\n<\/li>\n<\/ul>\n<p class=\"western\">bluefish, phm my admin,<\/p>\n<ul>\n<li>\n<p class=\"western\"><span style=\"color:#ff6347;\"><b>audio y video:<\/b><\/span><\/p>\n<\/li>\n<\/ul>\n<p class=\"western\">converseen, conversor sonido, kaffeine, vlc, rythmbox<\/p>\n<ul>\n<li>\n<p class=\"western\"><span style=\"color:#ff6347;\"><b>administraci\u00f3n<\/b><\/span>:<\/p>\n<\/li>\n<\/ul>\n<p class=\"western\">fslint janitor, bleachbit, ajustes qt5, hplip, nvidia xserver settings,<\/p>\n\n\n<p><a href=\"#indice\">volver a indice (arriba)<\/a><\/p>\n\n\n\n<p>FIN.<\/p>\n","protected":false},"excerpt":{"rendered":"<p>PROGRAMAS FUNDAMENTALES para Linux y\/o Windows regresar a la pagina inicio (home) indice: Programas imprescindibles a junio 2019 Antivirus Navegadores Otros programas Programas que tengo instalados en linux mint 19.2 junio 2019 PROGRAMAS IMPRESCINDIBLES A JUNIO 2019 programas esenciales Linux Windows junio 2019 Roger inform\u00e1tico aguadulce Rogelio \u00dabeda La lista siempre es subjetiva, solo hace &hellip; <a href=\"https:\/\/rogelioubedainformaticoaguadulce.tech\/index.php\/programas-esenciales\/\" class=\"more-link\">Seguir leyendo <span class=\"screen-reader-text\">PROGRAMAS ESENCIALES<\/span> <span class=\"meta-nav\">&rarr;<\/span><\/a><\/p>\n","protected":false},"author":1,"featured_media":0,"parent":0,"menu_order":0,"comment_status":"closed","ping_status":"closed","template":"","meta":{"footnotes":""},"class_list":["post-35","page","type-page","status-publish","hentry"],"_links":{"self":[{"href":"https:\/\/rogelioubedainformaticoaguadulce.tech\/index.php\/wp-json\/wp\/v2\/pages\/35","targetHints":{"allow":["GET"]}}],"collection":[{"href":"https:\/\/rogelioubedainformaticoaguadulce.tech\/index.php\/wp-json\/wp\/v2\/pages"}],"about":[{"href":"https:\/\/rogelioubedainformaticoaguadulce.tech\/index.php\/wp-json\/wp\/v2\/types\/page"}],"author":[{"embeddable":true,"href":"https:\/\/rogelioubedainformaticoaguadulce.tech\/index.php\/wp-json\/wp\/v2\/users\/1"}],"replies":[{"embeddable":true,"href":"https:\/\/rogelioubedainformaticoaguadulce.tech\/index.php\/wp-json\/wp\/v2\/comments?post=35"}],"version-history":[{"count":1,"href":"https:\/\/rogelioubedainformaticoaguadulce.tech\/index.php\/wp-json\/wp\/v2\/pages\/35\/revisions"}],"predecessor-version":[{"id":767,"href":"https:\/\/rogelioubedainformaticoaguadulce.tech\/index.php\/wp-json\/wp\/v2\/pages\/35\/revisions\/767"}],"wp:attachment":[{"href":"https:\/\/rogelioubedainformaticoaguadulce.tech\/index.php\/wp-json\/wp\/v2\/media?parent=35"}],"curies":[{"name":"wp","href":"https:\/\/api.w.org\/{rel}","templated":true}]}}