{"id":57,"date":"2019-04-16T18:32:59","date_gmt":"2019-04-16T16:32:59","guid":{"rendered":"https:\/\/rogelioubedainformaticoaguadulcealmeria00.000webhostapp.com\/?page_id=57"},"modified":"2021-09-02T19:50:51","modified_gmt":"2021-09-02T19:50:51","slug":"portatil-para-linux","status":"publish","type":"page","link":"https:\/\/rogelioubedainformaticoaguadulce.tech\/index.php\/portatil-para-linux\/","title":{"rendered":"PORTATIL PARA LINUX"},"content":{"rendered":"\n<h2 class=\"wp-block-heading\">TEMA \u00daNICO PORT\u00c1TIL ANTIGUO PARA LINUX y para un amigo obviamente.<\/h2>\n\n\n\n<h3 class=\"wp-block-heading\"><a href=\"https:\/\/rogelioubedainformaticoaguadulce.tech\">regresar a la pagina inicio (home)  <\/a><\/h3>\n\n\n\n<h4 class=\"wp-block-heading\" id=\"indice\">indice:<\/h4>\n\n\n\n<ul class=\"wp-block-list\"><li><a href=\"#OTRAHISTORIAMAS\">Otra historia mas de miles de ordenadores y port\u00e1tiles arreglados.<\/a><\/li><\/ul>\n\n\n\n<p><a href=\"#indice\">volver a indice (arriba)<\/a><\/p>\n\n\n\n<h5 class=\"wp-block-heading\" id=\"OTRAHISTORIAMAS\">OTRA HISTORIA MAS DE miles de ORDENADORES y PORT\u00c1TILES ARREGLADOS.<\/h5>\n\n\n<p class=\"western\">Una nueva m\u00e1quina que me dejan (de miles), como siempre viej\u00edsima, como la m\u00eda vamos no es por despreciar, en mi caso concreto intento actualizarla lo que puedo, casi siempre con una tarjeta gr\u00e1fica que supone mas problemas, pero que si se aprecia su rendimiento, no lo voy a negar. Es el elemento del ordenador que mas se nota al ser todo tan antiguo, debe de tener casi 10 a\u00f1os.<\/p>\n<p class=\"western\">La ultima que ubiqu\u00e9 <span style=\"color:#ff6347;\"><b>hace 3 a\u00f1os me dilapid\u00f3: <\/b><\/span><span style=\"color:#1e90ff;\"><b>\u00absistema operativo no valido\u00bb <\/b><\/span>vetusto, no puede usted instalar esta tarjeta, toda tu ilusi\u00f3n a la porra luego de haberme gastado una pasta. <span style=\"color:#ff6347;\"><b>Le embeb\u00ed el driver de la anterior y funcion\u00f3<\/b><\/span>. Ah\u00ed lleva 3 a\u00f1os funcionando. \u00a1Toma moreno! Chapuzas a mi, jeje.<\/p>\n<p class=\"western\"><span style=\"color:#ff6347;\"><b>Ahora he actualizado el monitor, y con el \u00fanico juego que tenia en guindous, ha dejado de funcionar<\/b><\/span>&#8230; intentar\u00e9 instalarlo en Linux. El d\u00eda anterior pude jugar, y despu\u00e9s del monitor ya no. Supongo que por problemas de frecuencias.<\/p>\n<p class=\"western\">Tenia un monitor de tubo mas de 20 a\u00f1os.<\/p>\n<p class=\"western\">&#8230;Bueno como dec\u00eda, el port\u00e1til de un \u00abamigo\u00bb; obviamente tiene que serlo porque perder varios d\u00edas de tu vida, semanas y que encima no le cobres nada, es por ser lo que es. Si no es hacer el tonto. <span style=\"color:#ff6347;\"><b>Me lo han dicho todos los que conozco y son buenas personas de inform\u00e1tica&#8230; <\/b><\/span><\/p>\n\n\n<p class=\"has-background\" style=\"background-color:#7abcd8\">\u00abRoger estas haciendo el tonto, <strong>nadie te lo va a agradecer\u00bb.<\/strong><\/p>\n\n\n<p class=\"western\">Yo ya s\u00e9 que ninguno se merece ese trabajo, ese esfuerzo, esa dedicaci\u00f3n. Y no ya la molestia, es que <span style=\"color:#ff6347;\"><b>te llega a doler la cabeza de los problemas.<\/b><\/span><\/p>\n<p class=\"western\">Cuando no es una pieza es la otra, y lo mas probable es que sean problemas producidos por los usuarios. Mala utilizaci\u00f3n de los recursos, yo tambi\u00e9n el primero ojo. Me desespera tener que aguantar minutos hasta que se cierre un p&#8230; ordenador.<\/p>\n<p class=\"western\">Vamos que somos unos mantas y todo lo hacemos mal.<\/p>\n<p class=\"western\">Pero la pregunta ser\u00eda \u00bfy que es hacerlo bien?<\/p>\n<p class=\"western\">Una duda que tengo desde hace unos a\u00f1os\u2026<\/p>\n\n\n<p class=\"has-background\" style=\"background-color:#ef907f\"><em><strong>\u00bfcomo\nse instala bien un Linux conviviendo con Windows sin que \u00e9ste ultimo\nsistema operativo te haga la vida imposible?<\/strong><\/em><\/p>\n\n\n\n<p>Yo\nlos estoy instalando en particiones extendidas, con ext4&#8230; ya se que\nes una barbaridad, pero me lleva funcionando bien los \u00faltimos 4 \u00f3 5\na\u00f1os. Y cuando lo he instalado en particiones Linux, activas\nprimaria, se me ha fastidiado el invento. Casualidad, no me lo creo,\nmas bien son los que mandan en el mundo que quieren controlarlo todo\ny dominarlo.<\/p>\n\n\n\n<p>Llevo\nleyendo paginas web todo un a\u00f1o para poder instalarlo junto con\nwindows10 en mi port\u00e1til, no es nada f\u00e1cil. Por cierto el soporte\ndel fabricante es cero. Funciona perfectamente ojo y se han\nactualizado los dos varias veces. \n<\/p>\n\n\n\n<p>&#8230;Ayer\nes que ya no pod\u00eda mas, retomando el tema del port\u00e1til. Tuve que\necharme en la cama y cerrar los ojos,\u2026<\/p>\n\n\n\n<p class=\"has-background\" style=\"background-color:#989d42\">..<strong>uno\n<\/strong><strong>aunque cierre los ojos <\/strong><strong>no\nduerme porque la cabeza sigue pensando en las posibles soluciones<\/strong>.<\/p>\n\n\n<p class=\"western\">Llevaba desde las 5 de la ma\u00f1ana. \u00bfque si es una exageraci\u00f3n? Os puedo contar los cap\u00edtulos de las series que ponen a esas horas o enviaros unos correos para demostraroslo, si quer\u00e9is. Oigo los programas mientras leo documentaci\u00f3n, navego o tecleo comandos y veo los resultados, y descargando varias cosas a la vez&#8230;<\/p>\n<p class=\"western\">Uno intenta unas cosas, otras, y llega un punto que se agota. Ya no pod\u00eda mas, de hecho ya no sabia que herramientas utilizar, hab\u00eda arrojado la toalla, abandonado.<\/p>\n<p class=\"western\">Y lo mas indignante, eran por solo 4 Kb, y \u00bfque tremendo tama\u00f1o es ese?, bueno pues en un monitor de 4000x 2000 pixeles eso no es ni un pixel, ni una motita de polvo, pues en la comparativa es como si no te dejasen ver tu pantalla por dicha motita.<\/p>\n<p class=\"western\">No se pod\u00eda reparticionar el disco duro por 4 miserables Kb. Tienes toda la enciclopedia brit\u00e1nica de no se cuantos tomos, y miles de paginas, y por un punto y coma mal puesto, por un car\u00e1cter que estaba defectuoso en el disco duro de dicho port\u00e1til; pues ya no puedes leerla.<\/p>\n<p class=\"western\">Lo gracioso es que uno que lleva desde muy chico con maquinas y se vea incapaz de solventar esta tonter\u00eda, nimiedad, estupidez, incomprensible, inaudita, de error, es para tirarse de los pelos.<\/p>\n<p class=\"western\">Menos mal que antes a otro inform\u00e1tico le ha pasado, a miles supongo.<\/p>\n<p class=\"western\">Otra cosa es <span style=\"color:#4b0082;\"><span style=\"font-family:Liberation Sans, sans-serif;\"><i><b>porqu\u00e9 no les interesa que se arreglen \u00e9stos problemas<\/b><\/i><\/span><\/span>, no les prioriza, les aviene que te compres otro ordenador y el \u201csistema\u201d siga forrando a unos pocos claro, pero a costa de una gran mayor\u00eda.<\/p>\n\n\n<p class=\"has-background\" style=\"background-color:#c2a0bc\">A\neste otro inform\u00e1tico le hab\u00eda pasado, desde aqu\u00ed <strong>las gracias a\ntoda esa gente buena que le pasa algo, lo solventan y lo comunican\npor la red.<\/strong> Much\u00edsimas gracias, no sab\u00e9is el bien que hac\u00e9is.\nGracias de nuevo.<\/p>\n\n\n<p class=\"western\">&#8230;pues como dec\u00eda, a \u00e9ste inform\u00e1tico le hab\u00eda pasado tambi\u00e9n, lo indag\u00f3 y es una tonter\u00eda de flag, una bandera, un aviso que se le pone al disco duro de que tiene problemas. Eso ya lo sabia el \u00abmenda\u00bb.<\/p>\n<p class=\"western\">\u00bfy si uno le quita esa \u00abtonter\u00eda\u00bb de aviso y hace lo que tiene que hacer?<\/p>\n<p class=\"western\"><span style=\"color:#ff6347;\"><b>A mi se me ocurri\u00f3, pero no tengo ese conocimiento f\u00edsico de como funciona un disco duro<\/b><\/span>. Lo estudi\u00e9, no lo recuerdo y os aseguro que es muy complejo. No es sencillo entender lo que es un factor de interleave. Ni como se guardan los archivos en clusters, y que con un mill\u00f3n de archivos de 1 letra sola cada uno llenas un disco duro enorme; ni como se buscan los datos en \u00e1rbol, b\u00fasquedas que no son secuenciales. Son libros gordos enteros y que parecen estar escritos en chino. Os lo aseguro, son muy dif\u00edciles de entender.<\/p>\n<p class=\"western\">\u00bfAlguna vez os hab\u00e9is preguntado como suman los micros? Por lo visto lo hacen al rev\u00e9s no como nosotros sino empezando por las centenas, luego decenas y por ultimo unidades. Los decimales van a parte. Tambi\u00e9n es muy complejo el porqu\u00e9.<\/p>\n<p class=\"western\">Uno estuvo buscando herramientas y comandos por la red, y probando y haciendo lo que se nos venia a la mente. Rebuscando en los libros de mi casa. Hoy no se puede ni entrar.<\/p>\n\n\n<p class=\"has-background\" style=\"background-color:#88e26c\">\n<em><strong>D\u00edas\nperdidos trabajando, investigando, leyendo documentaci\u00f3n. As\u00ed llevo\nmas de 30 a\u00f1os. Y todo \u00bfpara que? <\/strong><\/em><strong>\u00bfpara\nque nadie te lo agradezca? \u00bfpara que ni siquiera reconozcan tu\nesfuerzo y dedicaci\u00f3n?<\/strong><\/p>\n\n\n<p class=\"western\">Luego nadie se acuerda de ti para invitarte ni a una cerveza cuando se van todos de juerga, ni cuando ocurre algo bueno. A mi me da igual, ya est\u00e1 uno acostumbrado, <span style=\"color:#4b0082;\"><span style=\"font-family:Liberation Sans, sans-serif;\"><i><b>son tantas las p&#8230; que se me han hecho que paso de todo el mundo<\/b><\/i><\/span><\/span>, hago lo que me apetece y creo que es bueno para la gente en general y me resbala el resto.<\/p>\n<p class=\"western\">Ya hab\u00eda tirado la toalla cuando <span style=\"color:#1e90ff;\"><b>vi un comando que os juro por mi honor no lo hab\u00eda visto en mi vida<\/b><\/span>. Tenia muy buena pinta. Y la pagina web parec\u00eda seria.<\/p>\n<p class=\"western\">Antes prob\u00e9 otros comandos que tambi\u00e9n \u201cla ten\u00edan\u201d de otras paginas, comandos de Linux ojo, y que ni siquiera localic\u00e9 el paquete en el cual ven\u00edan. De Linux base no exist\u00edan. Lo curioso es que esas opciones de comandos ni siquiera parec\u00edan ser de esos comandos.<\/p>\n<p class=\"western\">Un corta y pega extra\u00f1o supongo.<\/p>\n<p class=\"western\">Posteriormente a desesperarse con que no haga nada <span style=\"color:#1e90ff;\"><b>badblocks<\/b><\/span>, seguro que funciona, yo lo he utilizado mas de una centena de veces y no me ha servido de nada.<\/p>\n<p class=\"western\">Ejecuto entonces \u00e9ste maravilloso comando, yo quer\u00eda modificar el tama\u00f1o del disco para hacer una partici\u00f3n para Linux, y dejar el Windows al principio sin tocar pero para los restos si pudiera ser, para no entrar nunca mas como no sea para jugar y es porque te obligan, sino tampoco.<\/p>\n<p class=\"western\">O sea que quer\u00eda que en la partici\u00f3n de Windows <span style=\"color:#ff6347;\"><b>NTFS<\/b><\/span> modificar el tama\u00f1o, <span style=\"color:#ff6347;\"><b>resize<\/b><\/span> en ingles. Je je, pues el comando se llama tach\u00e1n&#8230; <span style=\"color:#ff6347;\"><b>ntfsresizer<\/b><\/span>&#8230; jo que f\u00e1cil.<\/p>\n<p class=\"western\">Y tiene la opci\u00f3n -b b de badblock malos sitios\/bloques del disco duro, espacios, zonas da\u00f1adas del disco. Que pasa de los badblocks,<span style=\"color:#4b0082;\"><span style=\"font-family:Liberation Sans, sans-serif;\"><i><b> se olvida de los sectores defectuosos. Justo lo que quer\u00eda.<\/b><\/i><\/span><\/span><\/p>\n<p class=\"western\">Seguro que provoca alg\u00fan estropicio, ya lo averiguar\u00e9. Pero de momento ha funcionado.<\/p>\n<p class=\"western\"><span style=\"color:#1e90ff;\"><b>Hoy ya han pasado varios d\u00edas y sigue funcionando y he instalado decenas de programas en Linux sin problemas.<\/b><\/span><\/p>\n\n\n<p class=\"has-background\" style=\"background-color:#e8a998\"><strong>Comprob\u00e9 que guindous segu\u00eda funcionando intacto con sus miles de errores y de servidores y servicios que se lanzan sin uso, y sin que nadie se lo diga, consiguiendo colapsar los microprocesadores y oblig\u00e1ndote a que te compres otro ordenador. L<strong>o hacen de manera intencionada para que se gaste la bater\u00eda al tener tantos programas abiertos sin t\u00fa solicitarlos y al agotarla te obligan a cambiarlo<\/strong>. <\/strong>Y <strong>LINUX VA \u201cCOMO UNA BALA\u201d<\/strong>, al 10 por ciento de micro de consumo medio, en una maquina vieja.<\/p>\n\n\n\n<p>Ahora\nhan chocado en Lubuntu, Abiword y libreoffice, pero eso ya es otra\nhistoria, de dependencias de bibliotecas. Reconocen ellos que son\nIncompatibles y no te dan soluci\u00f3n. Es problema de ellos, no es mio.<\/p>\n\n\n\n<p>Fotos\nque demuestran lo que digo:<\/p>\n\n\n\n<p>xxxxxxxx foto de linux incompatible abi word con libre office.<\/p>\n\n\n\n<p>Ntfsresizer,\nos lo cuento porque alg\u00fan d\u00eda os volver\u00e9 a pedir ese comando. Se\nme habr\u00e1 olvidado, son miles de ordenes en mi calculadora HP en RPN\nque tuve que aprender para representar funciones 2D y 3D en\nmatem\u00e1ticas en la universidad, polares por ejemplo, curvilineas, son\nmiles de ordenes en el ZX81, son miles de comandos en MSDOS, son\nmiles de opciones en programaci\u00f3n en AUTOLISP, en el programa de CAD\nmas difundido, y miles de comandos. En Linux, miles, de  miles de\npaquetes que agrupan librer\u00edas, bibliotecas. \n<\/p>\n\n\n\n<p class=\"has-white-color has-text-color has-background\" style=\"background-color:#660c12\"><strong>De\nmiles de libros que nos hemos tenido que leer y que no sirven para\nencontrar un comando que uno espera vanamente encontrar en la red,&#8230;<\/strong><\/p>\n\n\n<p class=\"western\">&#8230;y que cientos de veces no somos capaces de encontrar.<\/p>\n<p class=\"western\">Me harto de pedirles a la gente, que tengan un poco de paciencia, que aguanten un poco, que las cosas son sencillas cuando todo va bien, pero que cuando hay alg\u00fan problema, despu\u00e9s de toda nuestra vida como inform\u00e1ticos nos vemos en la tesitura de que <span style=\"color: #4b0082;\"><span style=\"font-family: Liberation Sans, sans-serif;\"><i><b>no nos sirve de nada la experiencia adquirida, ni lo aprendido, ni lo estudiado, solo la intuici\u00f3n.<\/b><\/i><\/span><\/span><\/p>\n<p class=\"western\">Yo solo digo que <span style=\"color: #1e90ff;\"><b>lo \u00fanico que s\u00e9 es leer, a veces ni eso <\/b><\/span>y entiendo otra cosa de lo que pone o mal interpreto lo escrito, y rara vez me acuerdo de lo que he le\u00eddo mas de mil veces.<\/p>\n\n\n<p class=\"has-background\" style=\"background-color:#70d074\">Y que <em><strong>la experiencia solo me sirve para detectar subconscientemente las paginas web de gente seria,<\/strong><\/em> de quienes no lo son. Esa es mi \u00fanica y valida experiencia, por la que apuesto firmemente.<\/p>\n\n\n\n<p>Si tuviese hijos, lo primero que les ense\u00f1ar\u00eda, es a que detectasen a la gente mala, y hacerles comprender que un minuto de sus vidas que pierdan con dichos seres ego\u00edstas, no lo van a recuperar ni les va a servir para nada. Esas son mis dos experiencias de mi vida.<\/p>\n\n\n\n<p>Gracias\na Dios no espero tener hijos puesto que no me considero\nsuficientemente bueno.<\/p>\n\n\n\n<p>Mi\npadre dice que cobre como quienes hacen obras, o como un fontanero. \n<\/p>\n\n\n\n<p class=\"has-background\" style=\"background-color:#8dd429\"><strong>Con\nalgunas maquinas  me he llegado a tirar semanas, de 14 horas o mas\ndiarias. Sin parar de pensar, o de leer en las pantallas hasta que la\nvista no puede mas.<\/strong><\/p>\n\n\n<p class=\"western\">Mientras que el otro d\u00eda se nos fue, se rompi\u00f3 el aluminio de una manija de ventana de la terraza, me recorr\u00ed Almeria entera, decenas de talleres de aluminio, cerrajer\u00edas, tiendas de ventanas. Almeria y media Roquetas de Mar para darme cuenta de que hay un centenar de modelos y todos casi iguales pero incompatibles. Lo hacen aposta.<\/p>\n<p class=\"western\">Al final lo lleve a un taller, a un tipejo que fue a mi casa y en <span style=\"color: #ff6347;\"><b>15 MINUTOS SE LLEV\u00d3 50 EUROS, POR UNA MANIJA <\/b><\/span>que en Internet vale 7 euros y encima ganan a dicho precio y te la llevan a casa. Y que tiene 2 tornillos, que para colmo ya la hab\u00eda desmontado yo.<\/p>\n<p class=\"western\">\u00bfQue puedo cobrar en relaci\u00f3n a lo que gana un \u00abse\u00f1or\u00bb por poner dos tornillos y mirar en un caj\u00f3n cual de las manijas es igual a la otra? Yo tendr\u00eda que poner 5.000 euros y sin factura ni IVA.<\/p>\n<p class=\"western\">Obviamente lo hago porque son \u00abamigos\u00bb. Sino seria absurdo esas perdidas de tiempo, de tu vida, de tu salud. Y tambi\u00e9n s\u00e9 que nadie lo va a gradecer como me inst\u00f3 mi maestro en bases de datos el <span style=\"color: #1e90ff;\"><b>se\u00f1or Sebasti\u00e1n L. slos,<\/b><\/span> y <span style=\"color: #1e90ff;\"><b>mi jefe Alfonso T<\/b><\/span><b>.<\/b><b>.<\/b> Gracias por ser de las pocas buenas personas que me he encontrado.<\/p>\n\n\n<p class=\"has-background\" style=\"background-color:#e1df77\"><em><strong>Uno lleva tantos a\u00f1os que apenas puedo preguntar a nadie que me conteste de manera que me suponga algo de idea para solucionar los problemas que se me plantean.<\/strong><\/em><\/p>\n\n\n<p class=\"western\">Llevo a\u00f1os yendo a una tienda de esta localidad, y <span style=\"color: #4b0082;\"><span style=\"font-family: Liberation Sans, sans-serif;\"><i><b>me han dicho mas de 4 veces que los problemas de alineamiento de disco son culpa de los cables del disco duro, de mi torre.<\/b><\/i><\/span><\/span> Todos se han arreglado por mi mano, los cables son buenos los compr\u00e9 hace a\u00f1os sustituyendo unos baratos que con el aire del aliento se desconectaban, p\u00e9sima calidad.<\/p>\n<p class=\"western\"><span style=\"color: #4b0082;\"><span style=\"font-family: Liberation Sans, sans-serif;\"><i><b>Repito los cables son los mismos y los problemas se han solventado, todos<\/b><\/i><\/span><\/span>. <span style=\"color: #4b0082;\"><span style=\"font-family: Liberation Sans, sans-serif;\"><i><b>No es de los cables, demostrado<\/b><\/i><\/span><\/span>. Y de todas maneras les agradezco much\u00edsimo cualquier tipo de ayuda.<\/p>\n<p class=\"western\">Espero que no se os olvide ese comando <span style=\"color: #ff6347;\"><b>ntfsresizer<\/b><\/span>, por cierto mientras <span style=\"color: #1e90ff;\"><b>badblocks<\/b><\/span> se tira todo un d\u00eda, \u00e9ste comando dura 5 minutos para un disco viejo de 80 Gb= 80.000Mb=<span style=\"color: #ff6347;\"><b>80.000.000Kb y todo por 4Kb<\/b><\/span>, que en muchos casos se debe simplemente a un corte de luz cuando escrib\u00edan en el disco duro, que <span style=\"color: #1e90ff;\"><b>lo hemos desenchufado sin querer, o un mal apagado cuando estaba ocupado<\/b><\/span>, o por fastidiar y que te compres un disco nuevo. Antes hasta los virus hac\u00edan estas cosas. En ocasiones hasta uno ha machacado el mismo archivo que esta escribiendo en la memoria del ordenador con una copia sobre el original, sin darse cuenta, porque lo hemos guardado con el mismo nombre.<\/p>\n<p class=\"western\">Llegu\u00e9 hace muchos a\u00f1os a la conclusi\u00f3n de que escribo estas cosas para mi, para que no se me olviden. Me ha llegado a ocurrir problemas iguales, y que no me acordaba de como los resolv\u00ed. <span style=\"color: #ff6347;\"><b>Son miles de ordenadores arreglados<\/b><\/span>, y luego ni siquiera se acuerdan de enviarte un misero correo de navidad, cuando ni siquiera les cobr\u00e9 nada.<\/p>\n<p class=\"western\">Cotidianamente afirmo que <span style=\"color: #ff6347;\"><b>lo hago para que nadie se vea en los problemas que tengo yo<\/b><\/span>. Para que no se vean incapaces de hacer cosas, que un simple comando arregla en 5 minutos. Que no sientan esa impotencia, esa angustia de ver como una maquina que es valida, se vea abocada al bindous sin remedio, sin uso, sin funcionar, con cientos de programas y librer\u00edas que se cargan sin permiso y que ralentizan el sistema hasta detenerlo.<\/p>\n<p class=\"western\">Uno lo pasa muy mal, sin que nadie reconozca su trabajo, y no quiero que la gente lo pase igual que yo.<\/p>\n\n\n<p class=\"has-background\" style=\"background-color:#62c988\">No\nes bondad, <strong>es no tener la maldad que llevan\ncontra nosotros. Es no hacer el mal que nos hacen a nosotros<\/strong>.<\/p>\n\n\n<p class=\"western\">A mi no me gusta que la gente, o las m\u00e1quinas me traten as\u00ed, \u00bfporqu\u00e9 se lo tengo yo que hacer a los dem\u00e1s?<\/p>\n<p class=\"western\">No me apetece portarme mal.<\/p>\n<p class=\"western\">Por supuesto de todo hay pruebas. Ya hago hasta una foto m\u00eda de como estoy trabajando y las horas y el tiempo y el esfuerzo. A la gente le da igual.<\/p>\n<p class=\"western\">Estamos hartos de ver en la tele como se pasan por el forro, las pruebas, las grabaciones o dicen que no son validas con las barbaridades que hemos escuchado de los pol\u00edticos. Que es que se ha tergiversado le dijo un pol\u00edtico a un periodista, y \u00e9ste le contest\u00f3, es que est\u00e1 grabado en video.<\/p>\n<p class=\"western\">As\u00ed va el mundo, no pretendo arreglarlo, solo agradecer a algunos inform\u00e1ticos que ponen su conocimiento al mundo. GRACIAS DE NUEVO.<\/p>\n\n\n<p><a href=\"#indice\">volver a indice (arriba)<\/a><\/p>\n\n\n\n<p>fin.<\/p>\n","protected":false},"excerpt":{"rendered":"<p>TEMA \u00daNICO PORT\u00c1TIL ANTIGUO PARA LINUX y para un amigo obviamente. regresar a la pagina inicio (home) indice: Otra historia mas de miles de ordenadores y port\u00e1tiles arreglados. OTRA HISTORIA MAS DE miles de ORDENADORES y PORT\u00c1TILES ARREGLADOS. Una nueva m\u00e1quina que me dejan (de miles), como siempre viej\u00edsima, como la m\u00eda vamos no es &hellip; <a href=\"https:\/\/rogelioubedainformaticoaguadulce.tech\/index.php\/portatil-para-linux\/\" class=\"more-link\">Seguir leyendo <span class=\"screen-reader-text\">PORTATIL PARA LINUX<\/span> <span class=\"meta-nav\">&rarr;<\/span><\/a><\/p>\n","protected":false},"author":1,"featured_media":0,"parent":0,"menu_order":0,"comment_status":"closed","ping_status":"closed","template":"","meta":{"footnotes":""},"class_list":["post-57","page","type-page","status-publish","hentry"],"_links":{"self":[{"href":"https:\/\/rogelioubedainformaticoaguadulce.tech\/index.php\/wp-json\/wp\/v2\/pages\/57","targetHints":{"allow":["GET"]}}],"collection":[{"href":"https:\/\/rogelioubedainformaticoaguadulce.tech\/index.php\/wp-json\/wp\/v2\/pages"}],"about":[{"href":"https:\/\/rogelioubedainformaticoaguadulce.tech\/index.php\/wp-json\/wp\/v2\/types\/page"}],"author":[{"embeddable":true,"href":"https:\/\/rogelioubedainformaticoaguadulce.tech\/index.php\/wp-json\/wp\/v2\/users\/1"}],"replies":[{"embeddable":true,"href":"https:\/\/rogelioubedainformaticoaguadulce.tech\/index.php\/wp-json\/wp\/v2\/comments?post=57"}],"version-history":[{"count":3,"href":"https:\/\/rogelioubedainformaticoaguadulce.tech\/index.php\/wp-json\/wp\/v2\/pages\/57\/revisions"}],"predecessor-version":[{"id":893,"href":"https:\/\/rogelioubedainformaticoaguadulce.tech\/index.php\/wp-json\/wp\/v2\/pages\/57\/revisions\/893"}],"wp:attachment":[{"href":"https:\/\/rogelioubedainformaticoaguadulce.tech\/index.php\/wp-json\/wp\/v2\/media?parent=57"}],"curies":[{"name":"wp","href":"https:\/\/api.w.org\/{rel}","templated":true}]}}