{"id":59,"date":"2019-04-16T18:36:30","date_gmt":"2019-04-16T16:36:30","guid":{"rendered":"https:\/\/rogelioubedainformaticoaguadulcealmeria00.000webhostapp.com\/?page_id=59"},"modified":"2020-11-20T11:17:58","modified_gmt":"2020-11-20T11:17:58","slug":"primeros-trabajos-gimnasio-sevilla","status":"publish","type":"page","link":"https:\/\/rogelioubedainformaticoaguadulce.tech\/index.php\/primeros-trabajos-gimnasio-sevilla\/","title":{"rendered":"PRIMEROS TRABAJOS GIMNASIO SEVILLA"},"content":{"rendered":"\n<h2 class=\"wp-block-heading\">PRIMEROS TRABAJOS PARA GIMNASIO  TAEKWONDO Y HAPKIDO <\/h2>\n\n\n\n<h3 class=\"wp-block-heading\"><a href=\"https:\/\/rogelioubedainformaticoaguadulce.tech\">regresar a la pagina inicio (home)<\/a><\/h3>\n\n\n\n<h4 class=\"wp-block-heading\" id=\"indice\">indice:<\/h4>\n\n\n\n<ul class=\"wp-block-list\"><li><a href=\"#PRIMEROSTRABAJOSGIMNASIOHAPKIDONERVION\">Primeros trabajos realizados para el gimnasio taekwondo y hapkido Nervi\u00f3n Gran Plaza Sevilla<\/a><\/li><\/ul>\n\n\n\n<p><a href=\"#indice\">volver a indice (arriba)<\/a><\/p>\n\n\n\n<p class=\"has-text-color has-small-font-size\" style=\"color:#a30005\"><strong>Tags: Gimnasio Taekwondo Hapkido Nervi\u00f3n Gran Plaza Sevilla, Inform\u00e1tica, Ordenadores, Ense\u00f1anza, Gimnasio, Sevilla, Almeria, Mal trato, Hechos, Desprecios, Discriminaciones, Marginaciones,<\/strong><\/p>\n\n\n\n<h5 class=\"wp-block-heading\" id=\"PRIMEROSTRABAJOSGIMNASIOHAPKIDONERVION\">PRIMEROS TRABAJOS REALIZADOS PARA EL GIMNASIO\nTAEKWONDO Y HAPKIDO NERVION GRAN PLAZA SEVILLA<\/h5>\n\n\n\n<p class=\"has-background\" style=\"background-color:#73d86d\"><strong>Nos\nordenaron hacer miles de trabajos<\/strong>, que no pagaron ni las horas ni\nel papel, ni la tinta, ni se nos agradeci\u00f3 siquiera. <strong>No se nos\nfeder\u00f3 en las dos artes marciales en los 13 a\u00f1os<\/strong> que estuvimos\nentrenando, habi\u00e9ndolas pagado todas y  ambas muchos a\u00f1os. No se\nnos dieron los carnets obviamente. Ni tenemos siquiera un papel de\nhaber entrenado. Ademas de miles de trabajos voluntarios por nuestra\ncuenta y miles de t\u00e9cnicas ense\u00f1adas a miles de compa\u00f1eros y\n<strong>\u00a1\u00a1\u00a1ENCIMA PRETENDEN HACERNOS CREER QUE LOS \u201cMALOS HEMOS SIDO\nNOSOTROS!!!<\/strong><\/p>\n\n\n<p class=\"western\">No hicimos los primeros trabajos ni muchos de ellos por que nos diera la gana, sino porque <span style=\"color:#ff6347;\"><b>nos ordenaron que lo hici\u00e9semos.<\/b><\/span><\/p>\n<p class=\"western\">Si claro; \u00a1\u00bfuno puede negarse?!, <span style=\"color:#ff6347;\"><b>no he visto ning\u00fan compa\u00f1ero del gimnasio que p\u00fablicamente se haya negado a hacer nada que le haya ordenado el maestro<\/b><\/span>. Ninguno.<\/p>\n<p class=\"western\">Aparte, cuando el maestro me dijo que hiciese la publicidad <span style=\"color:#1e90ff;\"><b>yo no controlaba los ordenadores<\/b><\/span>, no tenia manejo ni de las m\u00e1quinas, ni mucho menos de los programas. A duras penas manejaba un poco los primeros programas de CAD, y de textos no tenia ni idea.<\/p>\n<p class=\"western\">Sabia que <span style=\"color:#1e90ff;\"><b>no se permit\u00edan tama\u00f1os de letra muy grandes<\/b><\/span>. Depend\u00edan del hardware, de la impresora. Luego por supuesto hab\u00eda la emulaci\u00f3n de las IBM proprinter y dem\u00e1s pero no tenia ni idea en aquella \u00e9poca.<\/p>\n<ul>\n<li>\n<p class=\"western\">\u00bfporque les ayud\u00e9 entonces?<\/p>\n<\/li>\n<li>\n<p class=\"western\">Fue muy sencillo, porque hubo muchas clases <span style=\"color:#ff6347;\"><b>en el grupo de adultos que \u00edbamos solo 3 alumnos Alfredo, Alfonso el piloto y yo<\/b><\/span>, y con el maestro hac\u00edamos 4 dos parejas para entrenar, sobre todo los viernes. Y eso no pod\u00eda durar mucho antes de que el club\/gimnasio cerrase.<\/p>\n<\/li>\n<li>\n<p class=\"western\">No soy yo el que lo digo, hubo varios compa\u00f1er@s que me dijeron cuando pasaron muchos a\u00f1os que <span style=\"color:#ff6347;\"><b>fui yo el que consigui\u00f3 que no se cerrase el gimnasio.<\/b><\/span><\/p>\n<\/li>\n<\/ul>\n<p class=\"western\">No me aventurar\u00eda a tal afirmaci\u00f3n, puesto que si yo no le hubiese hecho la publicidad lo habr\u00eda hecho otro alumno, o lo pagar\u00eda o lo que fuese.<\/p>\n<p class=\"western\">Alguien que se dedica a \u201cestrujar\u201d a los dem\u00e1s, f\u00e1cilmente obtiene lo que quiere de todo el mundo.<\/p>\n<p class=\"western\">Tenias que tener mucho cuidado con los tipos de letra, con que programa lo hac\u00edas porque al final pod\u00eda quedar muy mal, <span style=\"color:#1e90ff;\"><b>se ve\u00edan los puntos <\/b><\/span><span style=\"color:#1e90ff;\"><b>que constitu\u00edan <\/b><\/span><span style=\"color:#1e90ff;\"><b> las letras.<\/b><\/span><\/p>\n<p class=\"western\">Tan mal se apreciaba al principio el resultado que <span style=\"color:#ff6347;\"><b>tuve que comprar una plantilla de letras<\/b><\/span> y hacerla a mano. No dispongo de ninguna versi\u00f3n de dicha publicidad. Solo guardo una en papel pero de versiones muy posteriores.<\/p>\n<p class=\"western\">Pero aun as\u00ed se puede apreciar como esta hecha. Repito que no manejaba los programas, no se si estaban en esa \u00e9poca el Harvard Graphics ni nada por el estilo.<\/p>\n<p class=\"western\">Se que estaba el Word Perfect para MSDOS, sin plantillas y que no se pod\u00edan hacer letras muy grandes para poner el <span style=\"color:#00fa9a;\"><i><b>\u201d<\/b><\/i><\/span><span style=\"color:#00fa9a;\"><i><b>G<\/b><\/i><\/span><span style=\"color:#00fa9a;\"><i><b>RATIS\u201d en grande y que se viese bien que era lo que me exig\u00eda el maestro<\/b><\/i><\/span>, para que la gente lo viese y viniese a probar el nuevo arte marcial y que as\u00ed se quedasen algunos meses entrenando, como hizo la mayor\u00eda que vino a verlo.<\/p>\n<p class=\"western\">Las artes marciales son muy bonitas, y la nuestra era un compendio de muchas que antes hab\u00eda entrenado ya en otros clubes y otras localidades.<\/p>\n<p class=\"western\">No creo que <span style=\"color:#1e90ff;\"><b>nadie se atreva a afirmar que lo hice porque me gust\u00f3<\/b><\/span>, pues no es de agrado modificar una y otra vez las normas del gimnasio pues no hab\u00edan quedado lo suficientemente perfectas durante <span style=\"color:#1e90ff;\"><b>las 1000 veces que las tuve que modificar,<\/b><\/span> como as\u00ed lo pudieron ver todos los compa\u00f1eros del gimnasio, en donde me sacaba de mi propia clase que pagaba para que le hiciese alguna modificaci\u00f3n que a \u00e9l le apeteciese. Algunos muchos hasta ser re\u00edan.<\/p>\n\n\n<p class=\"has-background\" style=\"background-color:#bb7966\">Miles\nde veces se modificaron las normas, y los horarios o la publicidad.\n<strong>EN CUANTO PON\u00cdA UN PIE EN EL\nGIMNASIO ERAN CONTINUAS ORDENES<\/strong>\u2026 <strong>l<\/strong><strong>uego se\natreven a tacharnos a nosotros de \u201cacoso\u201d.<\/strong><\/p>\n\n\n<ul>\n<li>\n<p class=\"western\"><span style=\"color:#ff6347;\"><b>O miles de veces que modifique el horario de las clases<\/b><\/span>. Y ahora seg\u00fan \u00e9l, no tengo ning\u00fan derecho en ponerme en contacto y que se me responda.<\/p>\n<\/li>\n<li>\n<p class=\"western\"><span style=\"color:#1e90ff;\"><b>\u00c9l si tenia entonces todo el derecho<\/b><\/span>, yo ahora no tengo ninguno a que se me conteste siquiera un Email.<\/p>\n<\/li>\n<li>\n<p class=\"western\">As\u00ed es la vida, as\u00ed es la \u201cjusticia\u201d <span style=\"color:#1e90ff;\"><b>seg\u00fan ellos, tienen todos los derechos y tu no tienes ninguno. <\/b><\/span><span style=\"color:#1e90ff;\"><b>\u00c9se es su \u201chonor\u201d, y su \u201ccasa\u201d.<\/b><\/span><\/p>\n<\/li>\n<\/ul>\n<p class=\"western\">Como dec\u00eda las cosas requieren de un proceso de pensarlas antes de llevarlas a cabo. No es llegar y ya las hacemos. Primero hay que ver cuales son las herramientas de las que disponemos.<\/p>\n<p class=\"western\">Luego de si sabemos manejarlas, de si los resultados tambi\u00e9n son satisfactorios, o hay que buscar otras herramientas que nos mejoren esos trabajos.<\/p>\n<ul>\n<li>\n<p class=\"western\"><span style=\"color:#ff6347;\"><b>Muchos de los primeros trabajos se hicieron a mano<\/b><\/span>. Tengo plantillas, cartulinas, capalinas que los demuestran. Seguramente tendr\u00e9 disquetes, discos duros antiguos. Aunque antes se vend\u00edan las maquinas y los discos duros ni se formateaban ni nada, se las llevaban otros. No hab\u00eda esos problemas de privacidad ni de que te pudiesen recuperar los datos. No se tenia esa conciencia de seguridad que hay hoy.<\/p>\n<\/li>\n<\/ul>\n<p class=\"western\">Algunos de esos discos duros no creo ni que funcionasen, por los a\u00f1os que llevan sin ponerse en marcha.<\/p>\n<p class=\"western\"><span style=\"color:#ff6347;\"><b>Tampoco se hac\u00edan versiones de los archivos<\/b><\/span>. Ahora uno <span style=\"color:#1e90ff;\"><b>con mas experiencia pone el sistema americano de nombrar los archivos mas eficiente,<\/b><\/span> y efectivo, cada poco tiempo del mismo archivo tengo varias versiones y en carpetas y sitios de copia de seguridad, para poder recuperar versiones primigenias si algo saliese mal.<\/p>\n<p class=\"western\">Antes no se hacia nada de eso, machac\u00e1bamos la versi\u00f3n anterior y si algo nos pasaba pues a volverlo a hacer. Tambi\u00e9n eran mas fiables las maquinas puesto que solo trabajaban con dos programas el sistema operativo y el que propiamente utiliz\u00e1bamos.<\/p>\n\n\n<p class=\"has-background\" style=\"background-color:#52c1f1\">Todos\nlos compa\u00f1eros vieron las pruebas, los trabajos, como <strong>se\nme ordenaba d\u00eda tras d\u00eda que hiciera cosa para ellos<\/strong>.\nDespu\u00e9s de miles de cosas que realic\u00e9 por su exclusiva conveniencia\n no tengo derecho ni a que se me conteste. Ni a que me hagan una\ncopia de mi titulo medio valida, que no lleve los apellidos err\u00f3neos.<\/p>\n\n\n<p class=\"western\">Luego se atreven a hablar de \u201chonor\u201d. <span style=\"color:#ff6347;\"><b>No se que \u201chonor\u201d le ver\u00e1n a no contestar<\/b><\/span> a <span style=\"color:#1e90ff;\"><b>no atender una sola petici\u00f3n de un alumno en 13 a\u00f1os de ellos solicitarme todos los d\u00edas decenas de cosas cada jornad<\/b><\/span><span style=\"color:#1e90ff;\"><b>a<\/b><\/span> de entrenamiento.<\/p>\n<p class=\"western\">No entiendo que \u201chonor\u201d pueden ver en eso y no hacer nada por los dem\u00e1s.<\/p>\n<p class=\"western\">No comprendo como se puede hablar todos los d\u00edas en las clases de <span style=\"color:#ff6347;\"><b>la importancia del saludo en las artes marciales y no responder a un alumno<\/b><\/span> al cual estuvieron durante 13 a\u00f1os exigi\u00e9ndonos cosas todos los d\u00edas.<\/p>\n<p class=\"western\">No alcanzo a vislumbrar tama\u00f1a desfachatez, ni llego a entender su supuesta l\u00f3gica que no la tiene por ning\u00fan lado. Y encima decir que esa fue \u201cmi casa\u201d. En todo caso seria <span style=\"color:#00fa9a;\"><i><b>casa de la que fui un esclavo<\/b><\/i><\/span>, al que se le ordenaba hacer cosas continuamente sin que nos pagasen siquiera la tinta o el papel. Y hablan de \u201chonor\u201d\u2026 es incre\u00edble lo cuentas y la gente no se lo cree.<\/p>\n\n\n<p><a href=\"#indice\">volver a indice (arriba)<\/a><\/p>\n\n\n\n<p>fin.<\/p>\n","protected":false},"excerpt":{"rendered":"<p>PRIMEROS TRABAJOS PARA GIMNASIO TAEKWONDO Y HAPKIDO regresar a la pagina inicio (home) indice: Primeros trabajos realizados para el gimnasio taekwondo y hapkido Nervi\u00f3n Gran Plaza Sevilla Tags: Gimnasio Taekwondo Hapkido Nervi\u00f3n Gran Plaza Sevilla, Inform\u00e1tica, Ordenadores, Ense\u00f1anza, Gimnasio, Sevilla, Almeria, Mal trato, Hechos, Desprecios, Discriminaciones, Marginaciones, PRIMEROS TRABAJOS REALIZADOS PARA EL GIMNASIO TAEKWONDO Y &hellip; <a href=\"https:\/\/rogelioubedainformaticoaguadulce.tech\/index.php\/primeros-trabajos-gimnasio-sevilla\/\" class=\"more-link\">Seguir leyendo <span class=\"screen-reader-text\">PRIMEROS TRABAJOS GIMNASIO SEVILLA<\/span> <span class=\"meta-nav\">&rarr;<\/span><\/a><\/p>\n","protected":false},"author":1,"featured_media":0,"parent":0,"menu_order":0,"comment_status":"closed","ping_status":"closed","template":"","meta":{"footnotes":""},"class_list":["post-59","page","type-page","status-publish","hentry"],"_links":{"self":[{"href":"https:\/\/rogelioubedainformaticoaguadulce.tech\/index.php\/wp-json\/wp\/v2\/pages\/59","targetHints":{"allow":["GET"]}}],"collection":[{"href":"https:\/\/rogelioubedainformaticoaguadulce.tech\/index.php\/wp-json\/wp\/v2\/pages"}],"about":[{"href":"https:\/\/rogelioubedainformaticoaguadulce.tech\/index.php\/wp-json\/wp\/v2\/types\/page"}],"author":[{"embeddable":true,"href":"https:\/\/rogelioubedainformaticoaguadulce.tech\/index.php\/wp-json\/wp\/v2\/users\/1"}],"replies":[{"embeddable":true,"href":"https:\/\/rogelioubedainformaticoaguadulce.tech\/index.php\/wp-json\/wp\/v2\/comments?post=59"}],"version-history":[{"count":1,"href":"https:\/\/rogelioubedainformaticoaguadulce.tech\/index.php\/wp-json\/wp\/v2\/pages\/59\/revisions"}],"predecessor-version":[{"id":766,"href":"https:\/\/rogelioubedainformaticoaguadulce.tech\/index.php\/wp-json\/wp\/v2\/pages\/59\/revisions\/766"}],"wp:attachment":[{"href":"https:\/\/rogelioubedainformaticoaguadulce.tech\/index.php\/wp-json\/wp\/v2\/media?parent=59"}],"curies":[{"name":"wp","href":"https:\/\/api.w.org\/{rel}","templated":true}]}}