{"id":844,"date":"2021-07-08T14:18:29","date_gmt":"2021-07-08T14:18:29","guid":{"rendered":"https:\/\/rogelioubedainformaticoaguadulce.tech\/?page_id=844"},"modified":"2021-07-14T08:21:00","modified_gmt":"2021-07-14T08:21:00","slug":"certificado-ceres","status":"publish","type":"page","link":"https:\/\/rogelioubedainformaticoaguadulce.tech\/index.php\/certificado-ceres\/","title":{"rendered":"CERTIFICADO CERES"},"content":{"rendered":"\n<h2 class=\"wp-block-heading\"><strong>CERTIFICADO DIGITAL  CERES<\/strong><\/h2>\n\n\n\n<h3 class=\"wp-block-heading\"><strong><a href=\"https:\/\/rogelioubedainformaticoaguadulce.tech\">regresar a la pagina inicial (home)<\/a><\/strong><\/h3>\n\n\n\n<p><strong>Dise\u00f1o, programaci\u00f3n, gesti\u00f3n, CEO, community executive officer, community manager ROGELIO UBEDA.<\/strong><\/p>\n\n\n\n<p><strong>Aguadulce Roquetas de Mar, Almer\u00eda.<\/strong><\/p>\n\n\n\n<h4 class=\"wp-block-heading\"><strong>indice:<\/strong><\/h4>\n\n\n\n<p>SFSDFSDFSDF<\/p>\n\n\n\n<p>FSDFSDFSDF<\/p>\n\n\n\n<p>FSDFSDFSDF<\/p>\n\n\n\n<p>SFSDFSDFSF<\/p>\n\n\n\n<h5 class=\"wp-block-heading\"><em><strong>TEMA \u00daNICO CERTIFICADO DIGITAL CERES:<\/strong><\/em><\/h5>\n\n\n\n<p><strong>CERTIFICADO DIGITAL CERES<\/strong><\/p>\n\n\n\n<p>Para identificarnos ante los servidores de las administraciones, tenemos el DNI y el chip inform\u00e1tico que hay dentro de la tarjeta de pl\u00e1stico. Pero debemos de tener un aparato que lea ese chip, un lector de tarjetas criptogr\u00e1ficas, y que el contenido del chip est\u00e9 en vigor, hay que actualizarlo cada poco tiempo.<\/p>\n\n\n\n<p class=\"has-background\" style=\"background-color:#cb8e8a\"><strong>\u00bfY si pudi\u00e9ramos disponer como de un archivo protegido con contrase\u00f1a, que hiciera algo similar a la tarjeta del DNI y el lector?\u2026 pues existe\u2026 se llama certificado digital CERES.<\/strong><\/p>\n\n\n\n<p>Es un archivo, que debemos de guardar nosotros, y custodiarlo como hacemos con la tarjeta de pl\u00e1stico DNI, no se la dejamos a nadie, y debemos de protegerla con contrase\u00f1a y por supuesto no dec\u00edrsela a nadie.<\/p>\n\n\n\n<p>La operativa es compleja, deber\u00edamos de leer toda la informaci\u00f3n. Son decenas de paginas. Un rollo.<\/p>\n\n\n\n<p>Al final es <strong>actualizar todo previamente<\/strong>, todo, sistema operativo, navegadores.<\/p>\n\n\n\n<p class=\"has-background\" style=\"background-color:#d2b5b1\">Y <strong>descargarse todos los certificados<\/strong> que te dicen que te descargues.<\/p>\n\n\n\n<p>Hay que solicitarlo desde un ordenador nuestro, y lo van a enviar a \u00e9se \u00fanico ordenador desde el que lo hemos pedido.<\/p>\n\n\n\n<p class=\"has-light-gray-color has-text-color has-background\" style=\"background-color:#a31e00\">Solo tenemos que meter nuestro numero de DNI, y ellos nos dan unos d\u00edgitos.<\/p>\n\n\n\n<p>Con esos n\u00fameros debemos de acreditarnos en los sitios en los cuales est\u00e1 permitido, dependen de una localidad a otra, en la pagina lo pone.<\/p>\n\n\n\n<p>Aqu\u00ed en esta poblaci\u00f3n donde vivo, yo siempre me he ido a Hacienda en Almer\u00eda. Se deber\u00eda de coger numero previamente, a mi me han tratado magn\u00edficamente bien sin hacerlo. En 5 minutos miran que seas tu el del DNI, comprueban el numero que les das y te dan un papel impreso. A los pocos minutos ya lo tienes en tu ordenador.<\/p>\n\n\n\n<p>As\u00ed de sencillo.<\/p>\n\n\n\n<ul class=\"has-background wp-block-list\" style=\"background-color:#a0e99c\"><li><strong>Lo <\/strong><strong>env\u00edan<\/strong><strong> a tu navegador,<\/strong> recomiendo Firefox.<\/li><li>De ah\u00ed hay que sacarlo a un archivo, y con contrase\u00f1a que debemos de poner nosotros.<\/li><\/ul>\n\n\n\n<p><strong>Con ese archivo podemos identificarnos en cualquier servidor de la administraci\u00f3n<\/strong>, en bancos, en la seguridad social, realizar cualquier tramite o solicitud.<\/p>\n\n\n\n<p><strong>Yo lo recomiendo encarecidamente,<\/strong> no me llevo nada, ni gano nada como no sean dolores de cabeza. Simplemente explico que lo he usado cientos de veces y que me he evitado tener que desplazarme cientos de veces para una tonter\u00eda de nada.<\/p>\n\n\n\n<p class=\"has-background\" style=\"background-color:#92e3d1\">Lo solicit\u00e9 hace muchos a\u00f1os, no recuerdo cuando empec\u00e9, <strong>lo he renovado desde casa, 4 o 5 veces,<\/strong> y en la pen\u00faltima vez me volv\u00ed loco, pues no hacia nada mas que darme errores, sin fundamento. Fu\u00ed leyendo linea a linea y hab\u00eda hecho absolutamente todo lo que dec\u00edan, excepto que abajo de la pagina en la ultima linea y mas peque\u00f1a que las otras pon\u00eda\u2026 <strong>\u201cno se puede solicitar renovaci\u00f3n mas de una vez\u201d<\/strong>. Yo lo hab\u00eda renovado dos o tres veces ya.<\/p>\n\n\n\n<p>Era tan sencillo como volver a identificarse en hacienda.<\/p>\n\n\n\n<p>Vamos que no te dejaban que lo renovases.<\/p>\n\n\n\n<p><strong>En la ultima renovaci\u00f3n exig\u00edan que fuera una determinada versi\u00f3n de Firefox una antigua<\/strong>, y el sistema operativo no me dejaba ponerla puesto que seria una inseguridad.<\/p>\n\n\n\n<p>Son raros. El problema est\u00e1 en la firma del documento de la solicitud. Se hace ante una maquina, no ante personas. Y eso da problemas.<\/p>\n\n\n\n<p>Ojo, yo los llam\u00e9 y me atendieron estupendamente.<\/p>\n\n\n\n<p>DGDFGDFG<\/p>\n\n\n\n<p>DFGDFGDFG<\/p>\n\n\n\n<p>SDFSDFS<\/p>\n\n\n\n<p>FSFSFSFFSF<\/p>\n\n\n\n<p>FSFSFSFSFDS<\/p>\n\n\n\n<p>FSFSDFSDFSF<\/p>\n\n\n\n<p><a href=\"#indice\">volver a indice (arriba)<\/a><\/p>\n","protected":false},"excerpt":{"rendered":"<p>CERTIFICADO DIGITAL CERES regresar a la pagina inicial (home) Dise\u00f1o, programaci\u00f3n, gesti\u00f3n, CEO, community executive officer, community manager ROGELIO UBEDA. Aguadulce Roquetas de Mar, Almer\u00eda. indice: SFSDFSDFSDF FSDFSDFSDF FSDFSDFSDF SFSDFSDFSF TEMA \u00daNICO CERTIFICADO DIGITAL CERES: CERTIFICADO DIGITAL CERES Para identificarnos ante los servidores de las administraciones, tenemos el DNI y el chip inform\u00e1tico que hay &hellip; <a href=\"https:\/\/rogelioubedainformaticoaguadulce.tech\/index.php\/certificado-ceres\/\" class=\"more-link\">Seguir leyendo <span class=\"screen-reader-text\">CERTIFICADO CERES<\/span> <span class=\"meta-nav\">&rarr;<\/span><\/a><\/p>\n","protected":false},"author":1,"featured_media":0,"parent":0,"menu_order":0,"comment_status":"closed","ping_status":"closed","template":"","meta":{"footnotes":""},"class_list":["post-844","page","type-page","status-publish","hentry"],"_links":{"self":[{"href":"https:\/\/rogelioubedainformaticoaguadulce.tech\/index.php\/wp-json\/wp\/v2\/pages\/844","targetHints":{"allow":["GET"]}}],"collection":[{"href":"https:\/\/rogelioubedainformaticoaguadulce.tech\/index.php\/wp-json\/wp\/v2\/pages"}],"about":[{"href":"https:\/\/rogelioubedainformaticoaguadulce.tech\/index.php\/wp-json\/wp\/v2\/types\/page"}],"author":[{"embeddable":true,"href":"https:\/\/rogelioubedainformaticoaguadulce.tech\/index.php\/wp-json\/wp\/v2\/users\/1"}],"replies":[{"embeddable":true,"href":"https:\/\/rogelioubedainformaticoaguadulce.tech\/index.php\/wp-json\/wp\/v2\/comments?post=844"}],"version-history":[{"count":4,"href":"https:\/\/rogelioubedainformaticoaguadulce.tech\/index.php\/wp-json\/wp\/v2\/pages\/844\/revisions"}],"predecessor-version":[{"id":855,"href":"https:\/\/rogelioubedainformaticoaguadulce.tech\/index.php\/wp-json\/wp\/v2\/pages\/844\/revisions\/855"}],"wp:attachment":[{"href":"https:\/\/rogelioubedainformaticoaguadulce.tech\/index.php\/wp-json\/wp\/v2\/media?parent=844"}],"curies":[{"name":"wp","href":"https:\/\/api.w.org\/{rel}","templated":true}]}}